{"id":2508,"date":"2022-11-15T20:52:01","date_gmt":"2022-11-15T20:52:01","guid":{"rendered":"https:\/\/robotex.international\/?page_id=2508"},"modified":"2025-12-17T12:57:45","modified_gmt":"2025-12-17T12:57:45","slug":"expo","status":"publish","type":"page","link":"https:\/\/robotex.international\/et\/expo\/","title":{"rendered":"Robotex EXPO"},"content":{"rendered":"[vc_row type=&#8221;full_width_content&#8221; full_screen_row_position=&#8221;middle&#8221; equal_height=&#8221;yes&#8221; column_margin=&#8221;20px&#8221; bg_image=&#8221;123&#8243; bg_position=&#8221;left top&#8221; bg_repeat=&#8221;repeat&#8221; scene_position=&#8221;center&#8221; text_color=&#8221;dark&#8221; text_align=&#8221;left&#8221; overlay_strength=&#8221;0.3&#8243; enable_shape_divider=&#8221;true&#8221; shape_divider_color=&#8221;#ffffff&#8221; shape_divider_position=&#8221;top&#8221; bg_image_animation=&#8221;none&#8221; shape_type=&#8221;fan&#8221;][vc_column column_padding=&#8221;padding-5-percent&#8221; column_padding_position=&#8221;all&#8221; background_color=&#8221;#ffffff&#8221; background_color_opacity=&#8221;1&#8243; background_hover_color_opacity=&#8221;1&#8243; column_link_target=&#8221;_self&#8221; column_shadow=&#8221;none&#8221; column_border_radius=&#8221;15px&#8221; top_margin=&#8221;5%&#8221; bottom_margin=&#8221;5%&#8221; width=&#8221;2\/3&#8243; tablet_width_inherit=&#8221;default&#8221; tablet_text_alignment=&#8221;default&#8221; phone_text_alignment=&#8221;default&#8221; overlay_strength=&#8221;0.3&#8243; column_border_width=&#8221;none&#8221; bg_image_animation=&#8221;none&#8221;][vc_column_text]\n<h1><span style=\"color: #cc1437;\">Robotex EXPO<\/span><\/h1>\n[\/vc_column_text][vc_column_text]Informatsioon 2026 aasta kohta on peagi tulemas.[\/vc_column_text][vc_column_text el_class=&#8221;hidden&#8221;]\n<h2 class=\"h1\"><span style=\"color: #cc1437;\">\u00dcrituse ala plaan<\/span><\/h2>\n[\/vc_column_text][vc_column_text el_class=&#8221;hidden&#8221;]T\u00e4helepanu: Graafikul on v\u00f5istlusvaldkondade nimed &#8220;EU&#8221;, &#8220;Africa&#8221;, &#8220;Middle-East&#8221; ja &#8220;Asia&#8221;![\/vc_column_text][image_with_animation image_url=&#8221;6254&#8243; alignment=&#8221;&#8221; animation=&#8221;Fade In&#8221; img_link_target=&#8221;_blank&#8221; hover_animation=&#8221;none&#8221; border_radius=&#8221;none&#8221; box_shadow=&#8221;none&#8221; image_loading=&#8221;default&#8221; max_width=&#8221;100%&#8221; max_width_mobile=&#8221;default&#8221; img_link=&#8221;https:\/\/robotex.international\/wp-content\/uploads\/2025\/11\/Floorplan_ENG.pdf&#8221; el_class=&#8221;presentation hidden&#8221;][\/vc_column][vc_column column_padding=&#8221;padding-5-percent&#8221; column_padding_position=&#8221;all&#8221; background_color=&#8221;#ffffff&#8221; background_color_opacity=&#8221;1&#8243; background_hover_color_opacity=&#8221;1&#8243; column_link_target=&#8221;_self&#8221; column_shadow=&#8221;none&#8221; column_border_radius=&#8221;15px&#8221; top_margin=&#8221;5%&#8221; bottom_margin=&#8221;5%&#8221; width=&#8221;1\/3&#8243; tablet_width_inherit=&#8221;default&#8221; tablet_text_alignment=&#8221;default&#8221; phone_text_alignment=&#8221;default&#8221; overlay_strength=&#8221;0.3&#8243; column_border_width=&#8221;none&#8221; bg_image_animation=&#8221;none&#8221;][vc_column_text]\n<p style=\"text-align: center;\"><span style=\"font-size: 14pt;\"><b><span style=\"color: #ce1437;\">Robotexi EXPO alal saab sellel aastal tutvuda paljude robootika ja tehnoloogia ettev\u00f5tete insenerlahenduste, toodete ja teenustega. Peatselt on v\u00f5imalik tutvuda k\u00f5ikide Robotexil kuvatavate eksponaatidega!<\/span><\/b><\/span><\/p>\n[\/vc_column_text][\/vc_column][\/vc_row][vc_row type=&#8221;full_width_background&#8221; full_screen_row_position=&#8221;middle&#8221; column_margin=&#8221;default&#8221; bg_image=&#8221;123&#8243; bg_position=&#8221;left top&#8221; bg_repeat=&#8221;repeat&#8221; scene_position=&#8221;center&#8221; text_color=&#8221;light&#8221; text_align=&#8221;left&#8221; top_padding=&#8221;2%&#8221; bottom_padding=&#8221;5%&#8221; overlay_strength=&#8221;0.3&#8243; enable_shape_divider=&#8221;true&#8221; shape_divider_color=&#8221;#ffffff&#8221; shape_divider_position=&#8221;bottom&#8221; bg_image_animation=&#8221;none&#8221; shape_type=&#8221;fan&#8221;][vc_column column_padding=&#8221;no-extra-padding&#8221; column_padding_position=&#8221;all&#8221; background_color_opacity=&#8221;1&#8243; background_hover_color_opacity=&#8221;1&#8243; column_link_target=&#8221;_self&#8221; column_shadow=&#8221;none&#8221; column_border_radius=&#8221;none&#8221; width=&#8221;1\/4&#8243; tablet_width_inherit=&#8221;default&#8221; tablet_text_alignment=&#8221;default&#8221; phone_text_alignment=&#8221;default&#8221; overlay_strength=&#8221;0.3&#8243; column_border_width=&#8221;none&#8221; column_border_style=&#8221;solid&#8221; bg_image_animation=&#8221;none&#8221;][\/vc_column][vc_column centered_text=&#8221;true&#8221; column_padding=&#8221;no-extra-padding&#8221; column_padding_position=&#8221;all&#8221; background_color_opacity=&#8221;1&#8243; background_hover_color_opacity=&#8221;1&#8243; column_link_target=&#8221;_self&#8221; column_shadow=&#8221;none&#8221; column_border_radius=&#8221;none&#8221; width=&#8221;1\/2&#8243; tablet_width_inherit=&#8221;default&#8221; tablet_text_alignment=&#8221;default&#8221; phone_text_alignment=&#8221;default&#8221; overlay_strength=&#8221;0.3&#8243; column_border_width=&#8221;none&#8221; column_border_style=&#8221;solid&#8221; bg_image_animation=&#8221;none&#8221;][vc_row_inner column_margin=&#8221;default&#8221; text_align=&#8221;left&#8221;][vc_column_inner column_padding=&#8221;no-extra-padding&#8221; column_padding_position=&#8221;all&#8221; background_color_opacity=&#8221;1&#8243; background_hover_color_opacity=&#8221;1&#8243; column_shadow=&#8221;none&#8221; column_border_radius=&#8221;none&#8221; column_link_target=&#8221;_self&#8221; width=&#8221;1\/1&#8243; tablet_width_inherit=&#8221;default&#8221; overlay_strength=&#8221;0.3&#8243; column_border_width=&#8221;none&#8221; column_border_style=&#8221;solid&#8221; bg_image_animation=&#8221;fade-in&#8221; enable_animation=&#8221;true&#8221; animation=&#8221;fade-in-from-left&#8221;][vc_column_text]\n<h2>\u00c4ra j\u00e4\u00e4 olulisest infost ilma ja liitu meie uudiskirjaga<\/h2>\n[\/vc_column_text][\/vc_column_inner][\/vc_row_inner][vc_row_inner column_margin=&#8221;default&#8221; text_align=&#8221;left&#8221;][vc_column_inner column_padding=&#8221;no-extra-padding&#8221; column_padding_position=&#8221;all&#8221; centered_text=&#8221;true&#8221; background_color_opacity=&#8221;1&#8243; background_hover_color_opacity=&#8221;1&#8243; column_shadow=&#8221;none&#8221; column_border_radius=&#8221;none&#8221; column_link_target=&#8221;_self&#8221; width=&#8221;1\/3&#8243; tablet_width_inherit=&#8221;default&#8221; overlay_strength=&#8221;0.3&#8243; column_border_width=&#8221;none&#8221; column_border_style=&#8221;solid&#8221; bg_image_animation=&#8221;none&#8221;][\/vc_column_inner][vc_column_inner column_padding=&#8221;no-extra-padding&#8221; column_padding_position=&#8221;all&#8221; background_color_opacity=&#8221;1&#8243; background_hover_color_opacity=&#8221;1&#8243; column_shadow=&#8221;none&#8221; column_border_radius=&#8221;none&#8221; column_link_target=&#8221;_self&#8221; width=&#8221;1\/3&#8243; tablet_width_inherit=&#8221;default&#8221; overlay_strength=&#8221;0.3&#8243; column_border_width=&#8221;none&#8221; column_border_style=&#8221;solid&#8221; bg_image_animation=&#8221;none&#8221;][nectar_btn size=&#8221;jumbo&#8221; button_style=&#8221;see-through-2&#8243; color_override=&#8221;#ffffff&#8221; hover_color_override=&#8221;#ffffff&#8221; hover_text_color_override=&#8221;#000000&#8243; icon_family=&#8221;none&#8221; el_class=&#8221;sppro-showpopup&#8221; text=&#8221;Liitu&#8221; css_animation=&#8221;pulse&#8221; margin_top=&#8221;25&#8243;][\/vc_column_inner][vc_column_inner column_padding=&#8221;no-extra-padding&#8221; column_padding_position=&#8221;all&#8221; background_color_opacity=&#8221;1&#8243; background_hover_color_opacity=&#8221;1&#8243; column_shadow=&#8221;none&#8221; column_border_radius=&#8221;none&#8221; column_link_target=&#8221;_self&#8221; width=&#8221;1\/3&#8243; tablet_width_inherit=&#8221;default&#8221; overlay_strength=&#8221;0.3&#8243; column_border_width=&#8221;none&#8221; column_border_style=&#8221;solid&#8221; bg_image_animation=&#8221;none&#8221;][\/vc_column_inner][\/vc_row_inner][\/vc_column][vc_column column_padding=&#8221;no-extra-padding&#8221; column_padding_position=&#8221;all&#8221; background_color_opacity=&#8221;1&#8243; background_hover_color_opacity=&#8221;1&#8243; column_link_target=&#8221;_self&#8221; column_shadow=&#8221;none&#8221; column_border_radius=&#8221;none&#8221; width=&#8221;1\/4&#8243; tablet_width_inherit=&#8221;default&#8221; tablet_text_alignment=&#8221;default&#8221; phone_text_alignment=&#8221;default&#8221; overlay_strength=&#8221;0.3&#8243; column_border_width=&#8221;none&#8221; column_border_style=&#8221;solid&#8221; bg_image_animation=&#8221;none&#8221;][\/vc_column][\/vc_row]\n","protected":false},"excerpt":{"rendered":"<p>[vc_row type=&#8221;full_width_content&#8221; full_screen_row_position=&#8221;middle&#8221; equal_height=&#8221;yes&#8221; column_margin=&#8221;20px&#8221; bg_image=&#8221;123&#8243; bg_position=&#8221;left top&#8221; bg_repeat=&#8221;repeat&#8221; scene_position=&#8221;center&#8221; text_color=&#8221;dark&#8221; text_align=&#8221;left&#8221; overlay_strength=&#8221;0.3&#8243; enable_shape_divider=&#8221;true&#8221; shape_divider_color=&#8221;#ffffff&#8221; shape_divider_position=&#8221;top&#8221; bg_image_animation=&#8221;none&#8221; shape_type=&#8221;fan&#8221;][vc_column column_padding=&#8221;padding-5-percent&#8221; column_padding_position=&#8221;all&#8221; background_color=&#8221;#ffffff&#8221; background_color_opacity=&#8221;1&#8243; background_hover_color_opacity=&#8221;1&#8243; column_link_target=&#8221;_self&#8221; column_shadow=&#8221;none&#8221; column_border_radius=&#8221;15px&#8221; top_margin=&#8221;5%&#8221; bottom_margin=&#8221;5%&#8221; width=&#8221;2\/3&#8243; tablet_width_inherit=&#8221;default&#8221;&#8230;<\/p>\n","protected":false},"author":1,"featured_media":0,"parent":0,"menu_order":0,"comment_status":"closed","ping_status":"closed","template":"","meta":{"footnotes":""},"class_list":["post-2508","page","type-page","status-publish"],"yoast_head":"<!-- This site is optimized with the Yoast SEO plugin v27.3 - https:\/\/yoast.com\/product\/yoast-seo-wordpress\/ -->\n<title>Robotex EXPO - Robotex International<\/title>\n<meta name=\"description\" content=\"Robotexil on l\u00e4bi aegade v\u00f5isteldud erinevatel aladel: joonej\u00e4rgimises, lab\u00fcrindi l\u00e4bimises, v\u00f5rkpallis, k\u00f6ieronimises, toa koristamises, jalgpallis, veerallis, rallikrossis, merep\u00e4\u00e4stes ja teistes \u00fclesannetes.\" \/>\n<meta name=\"robots\" content=\"index, follow, max-snippet:-1, max-image-preview:large, max-video-preview:-1\" \/>\n<link rel=\"canonical\" href=\"https:\/\/robotex.international\/et\/expo\/\" \/>\n<meta property=\"og:locale\" content=\"et_EE\" \/>\n<meta property=\"og:type\" content=\"article\" \/>\n<meta property=\"og:title\" content=\"Robotex EXPO - Robotex International\" \/>\n<meta property=\"og:description\" content=\"Robotexil on l\u00e4bi aegade v\u00f5isteldud erinevatel aladel: joonej\u00e4rgimises, lab\u00fcrindi l\u00e4bimises, v\u00f5rkpallis, k\u00f6ieronimises, toa koristamises, jalgpallis, veerallis, rallikrossis, merep\u00e4\u00e4stes ja teistes \u00fclesannetes.\" \/>\n<meta property=\"og:url\" content=\"https:\/\/robotex.international\/et\/expo\/\" \/>\n<meta property=\"og:site_name\" content=\"Robotex International\" \/>\n<meta property=\"article:publisher\" content=\"https:\/\/www.facebook.com\/RobotexInternational\/\" \/>\n<meta property=\"article:modified_time\" content=\"2025-12-17T12:57:45+00:00\" \/>\n<meta name=\"twitter:card\" content=\"summary_large_image\" \/>\n<meta name=\"twitter:label1\" content=\"Est. reading time\" \/>\n\t<meta name=\"twitter:data1\" content=\"2 minutit\" \/>\n<script type=\"application\/ld+json\" class=\"yoast-schema-graph\">{\"@context\":\"https:\\\/\\\/schema.org\",\"@graph\":[{\"@type\":\"WebPage\",\"@id\":\"https:\\\/\\\/robotex.international\\\/et\\\/expo\\\/\",\"url\":\"https:\\\/\\\/robotex.international\\\/et\\\/expo\\\/\",\"name\":\"Robotex EXPO - Robotex International\",\"isPartOf\":{\"@id\":\"https:\\\/\\\/robotex.international\\\/et\\\/#website\"},\"datePublished\":\"2022-11-15T20:52:01+00:00\",\"dateModified\":\"2025-12-17T12:57:45+00:00\",\"description\":\"Robotexil on l\u00e4bi aegade v\u00f5isteldud erinevatel aladel: joonej\u00e4rgimises, lab\u00fcrindi l\u00e4bimises, v\u00f5rkpallis, k\u00f6ieronimises, toa koristamises, jalgpallis, veerallis, rallikrossis, merep\u00e4\u00e4stes ja teistes \u00fclesannetes.\",\"breadcrumb\":{\"@id\":\"https:\\\/\\\/robotex.international\\\/et\\\/expo\\\/#breadcrumb\"},\"inLanguage\":\"et\",\"potentialAction\":[{\"@type\":\"ReadAction\",\"target\":[\"https:\\\/\\\/robotex.international\\\/et\\\/expo\\\/\"]}]},{\"@type\":\"BreadcrumbList\",\"@id\":\"https:\\\/\\\/robotex.international\\\/et\\\/expo\\\/#breadcrumb\",\"itemListElement\":[{\"@type\":\"ListItem\",\"position\":1,\"name\":\"Home\",\"item\":\"https:\\\/\\\/robotex.international\\\/et\\\/\"},{\"@type\":\"ListItem\",\"position\":2,\"name\":\"Robotex EXPO\"}]},{\"@type\":\"WebSite\",\"@id\":\"https:\\\/\\\/robotex.international\\\/et\\\/#website\",\"url\":\"https:\\\/\\\/robotex.international\\\/et\\\/\",\"name\":\"Robotex International\",\"description\":\"the biggest robotics festival on the planet\",\"publisher\":{\"@id\":\"https:\\\/\\\/robotex.international\\\/et\\\/#organization\"},\"potentialAction\":[{\"@type\":\"SearchAction\",\"target\":{\"@type\":\"EntryPoint\",\"urlTemplate\":\"https:\\\/\\\/robotex.international\\\/et\\\/?s={search_term_string}\"},\"query-input\":{\"@type\":\"PropertyValueSpecification\",\"valueRequired\":true,\"valueName\":\"search_term_string\"}}],\"inLanguage\":\"et\"},{\"@type\":\"Organization\",\"@id\":\"https:\\\/\\\/robotex.international\\\/et\\\/#organization\",\"name\":\"Robotex International\",\"url\":\"https:\\\/\\\/robotex.international\\\/et\\\/\",\"logo\":{\"@type\":\"ImageObject\",\"inLanguage\":\"et\",\"@id\":\"https:\\\/\\\/robotex.international\\\/et\\\/#\\\/schema\\\/logo\\\/image\\\/\",\"url\":\"https:\\\/\\\/robotex.international\\\/wp-content\\\/uploads\\\/2020\\\/04\\\/red.png\",\"contentUrl\":\"https:\\\/\\\/robotex.international\\\/wp-content\\\/uploads\\\/2020\\\/04\\\/red.png\",\"width\":200,\"height\":63,\"caption\":\"Robotex International\"},\"image\":{\"@id\":\"https:\\\/\\\/robotex.international\\\/et\\\/#\\\/schema\\\/logo\\\/image\\\/\"},\"sameAs\":[\"https:\\\/\\\/www.facebook.com\\\/RobotexInternational\\\/\",\"https:\\\/\\\/www.instagram.com\\\/robotex.international\\\/\",\"https:\\\/\\\/www.linkedin.com\\\/company\\\/18668457\"]}]}<\/script>\n<!-- \/ Yoast SEO plugin. -->","yoast_head_json":{"title":"Robotex EXPO - Robotex International","description":"Robotexil on l\u00e4bi aegade v\u00f5isteldud erinevatel aladel: joonej\u00e4rgimises, lab\u00fcrindi l\u00e4bimises, v\u00f5rkpallis, k\u00f6ieronimises, toa koristamises, jalgpallis, veerallis, rallikrossis, merep\u00e4\u00e4stes ja teistes \u00fclesannetes.","robots":{"index":"index","follow":"follow","max-snippet":"max-snippet:-1","max-image-preview":"max-image-preview:large","max-video-preview":"max-video-preview:-1"},"canonical":"https:\/\/robotex.international\/et\/expo\/","og_locale":"et_EE","og_type":"article","og_title":"Robotex EXPO - Robotex International","og_description":"Robotexil on l\u00e4bi aegade v\u00f5isteldud erinevatel aladel: joonej\u00e4rgimises, lab\u00fcrindi l\u00e4bimises, v\u00f5rkpallis, k\u00f6ieronimises, toa koristamises, jalgpallis, veerallis, rallikrossis, merep\u00e4\u00e4stes ja teistes \u00fclesannetes.","og_url":"https:\/\/robotex.international\/et\/expo\/","og_site_name":"Robotex International","article_publisher":"https:\/\/www.facebook.com\/RobotexInternational\/","article_modified_time":"2025-12-17T12:57:45+00:00","twitter_card":"summary_large_image","twitter_misc":{"Est. reading time":"2 minutit"},"schema":{"@context":"https:\/\/schema.org","@graph":[{"@type":"WebPage","@id":"https:\/\/robotex.international\/et\/expo\/","url":"https:\/\/robotex.international\/et\/expo\/","name":"Robotex EXPO - Robotex International","isPartOf":{"@id":"https:\/\/robotex.international\/et\/#website"},"datePublished":"2022-11-15T20:52:01+00:00","dateModified":"2025-12-17T12:57:45+00:00","description":"Robotexil on l\u00e4bi aegade v\u00f5isteldud erinevatel aladel: joonej\u00e4rgimises, lab\u00fcrindi l\u00e4bimises, v\u00f5rkpallis, k\u00f6ieronimises, toa koristamises, jalgpallis, veerallis, rallikrossis, merep\u00e4\u00e4stes ja teistes \u00fclesannetes.","breadcrumb":{"@id":"https:\/\/robotex.international\/et\/expo\/#breadcrumb"},"inLanguage":"et","potentialAction":[{"@type":"ReadAction","target":["https:\/\/robotex.international\/et\/expo\/"]}]},{"@type":"BreadcrumbList","@id":"https:\/\/robotex.international\/et\/expo\/#breadcrumb","itemListElement":[{"@type":"ListItem","position":1,"name":"Home","item":"https:\/\/robotex.international\/et\/"},{"@type":"ListItem","position":2,"name":"Robotex EXPO"}]},{"@type":"WebSite","@id":"https:\/\/robotex.international\/et\/#website","url":"https:\/\/robotex.international\/et\/","name":"Robotex International","description":"the biggest robotics festival on the planet","publisher":{"@id":"https:\/\/robotex.international\/et\/#organization"},"potentialAction":[{"@type":"SearchAction","target":{"@type":"EntryPoint","urlTemplate":"https:\/\/robotex.international\/et\/?s={search_term_string}"},"query-input":{"@type":"PropertyValueSpecification","valueRequired":true,"valueName":"search_term_string"}}],"inLanguage":"et"},{"@type":"Organization","@id":"https:\/\/robotex.international\/et\/#organization","name":"Robotex International","url":"https:\/\/robotex.international\/et\/","logo":{"@type":"ImageObject","inLanguage":"et","@id":"https:\/\/robotex.international\/et\/#\/schema\/logo\/image\/","url":"https:\/\/robotex.international\/wp-content\/uploads\/2020\/04\/red.png","contentUrl":"https:\/\/robotex.international\/wp-content\/uploads\/2020\/04\/red.png","width":200,"height":63,"caption":"Robotex International"},"image":{"@id":"https:\/\/robotex.international\/et\/#\/schema\/logo\/image\/"},"sameAs":["https:\/\/www.facebook.com\/RobotexInternational\/","https:\/\/www.instagram.com\/robotex.international\/","https:\/\/www.linkedin.com\/company\/18668457"]}]}},"_links":{"self":[{"href":"https:\/\/robotex.international\/et\/wp-json\/wp\/v2\/pages\/2508","targetHints":{"allow":["GET"]}}],"collection":[{"href":"https:\/\/robotex.international\/et\/wp-json\/wp\/v2\/pages"}],"about":[{"href":"https:\/\/robotex.international\/et\/wp-json\/wp\/v2\/types\/page"}],"author":[{"embeddable":true,"href":"https:\/\/robotex.international\/et\/wp-json\/wp\/v2\/users\/1"}],"replies":[{"embeddable":true,"href":"https:\/\/robotex.international\/et\/wp-json\/wp\/v2\/comments?post=2508"}],"version-history":[{"count":25,"href":"https:\/\/robotex.international\/et\/wp-json\/wp\/v2\/pages\/2508\/revisions"}],"predecessor-version":[{"id":6636,"href":"https:\/\/robotex.international\/et\/wp-json\/wp\/v2\/pages\/2508\/revisions\/6636"}],"wp:attachment":[{"href":"https:\/\/robotex.international\/et\/wp-json\/wp\/v2\/media?parent=2508"}],"curies":[{"name":"wp","href":"https:\/\/api.w.org\/{rel}","templated":true}]}}