{"id":245,"date":"2020-03-12T18:53:58","date_gmt":"2020-03-12T18:53:58","guid":{"rendered":"https:\/\/robotex.international\/?page_id=245"},"modified":"2024-07-04T04:42:48","modified_gmt":"2024-07-04T04:42:48","slug":"covid-19-juhised","status":"publish","type":"page","link":"https:\/\/robotex.international\/et\/covid-19-juhised\/","title":{"rendered":"Covid-19 juhised"},"content":{"rendered":"[vc_row type=&#8221;full_width_content&#8221; full_screen_row_position=&#8221;middle&#8221; equal_height=&#8221;yes&#8221; column_margin=&#8221;20px&#8221; bg_image=&#8221;123&#8243; bg_position=&#8221;left top&#8221; bg_repeat=&#8221;no-repeat&#8221; scene_position=&#8221;center&#8221; text_color=&#8221;dark&#8221; text_align=&#8221;left&#8221; overlay_strength=&#8221;0.3&#8243; shape_divider_position=&#8221;bottom&#8221; bg_image_animation=&#8221;none&#8221; shape_type=&#8221;&#8221;][vc_column column_padding=&#8221;no-extra-padding&#8221; column_padding_position=&#8221;all&#8221; background_color_opacity=&#8221;1&#8243; background_hover_color_opacity=&#8221;1&#8243; column_link_target=&#8221;_self&#8221; column_shadow=&#8221;none&#8221; column_border_radius=&#8221;15px&#8221; top_margin=&#8221;5%&#8221; bottom_margin=&#8221;5%&#8221; width=&#8221;1\/3&#8243; tablet_width_inherit=&#8221;default&#8221; tablet_text_alignment=&#8221;default&#8221; phone_text_alignment=&#8221;default&#8221; overlay_strength=&#8221;0.3&#8243; column_border_width=&#8221;none&#8221; bg_image_animation=&#8221;none&#8221;][vc_row_inner column_margin=&#8221;default&#8221; text_align=&#8221;left&#8221;][vc_column_inner column_padding=&#8221;padding-3-percent&#8221; column_padding_position=&#8221;all&#8221; background_color=&#8221;#ffffff&#8221; background_color_opacity=&#8221;1&#8243; background_hover_color_opacity=&#8221;1&#8243; column_shadow=&#8221;none&#8221; column_border_radius=&#8221;15px&#8221; column_link_target=&#8221;_self&#8221; width=&#8221;1\/1&#8243; tablet_width_inherit=&#8221;default&#8221; overlay_strength=&#8221;0.3&#8243; column_border_width=&#8221;none&#8221; column_border_style=&#8221;solid&#8221; bg_image_animation=&#8221;none&#8221;][vc_column_text]\n<h1 class=\"h2\"><span style=\"color: #ce1437;\"><span style=\"font-weight: 400;\">Covid-19 juhised<\/span><\/span><\/h1>\n[\/vc_column_text][\/vc_column_inner][\/vc_row_inner][vc_row_inner column_margin=&#8221;default&#8221; text_align=&#8221;left&#8221;][vc_column_inner column_padding=&#8221;padding-5-percent&#8221; column_padding_position=&#8221;all&#8221; background_color_opacity=&#8221;1&#8243; background_hover_color_opacity=&#8221;1&#8243; column_shadow=&#8221;none&#8221; column_border_radius=&#8221;none&#8221; column_link_target=&#8221;_self&#8221; width=&#8221;1\/1&#8243; tablet_width_inherit=&#8221;default&#8221; overlay_strength=&#8221;0.3&#8243; column_border_width=&#8221;none&#8221; column_border_style=&#8221;solid&#8221; bg_image_animation=&#8221;none&#8221;][image_with_animation image_url=&#8221;248&#8243; alignment=&#8221;center&#8221; animation=&#8221;Fade In&#8221; hover_animation=&#8221;none&#8221; border_radius=&#8221;none&#8221; box_shadow=&#8221;none&#8221; image_loading=&#8221;default&#8221; max_width=&#8221;100%&#8221; max_width_mobile=&#8221;default&#8221; margin_top=&#8221;10%&#8221; margin_right=&#8221;10%&#8221; margin_bottom=&#8221;10%&#8221; margin_left=&#8221;10%&#8221; el_class=&#8221;presentation&#8221;][\/vc_column_inner][\/vc_row_inner][\/vc_column][vc_column column_padding=&#8221;padding-5-percent&#8221; column_padding_position=&#8221;all&#8221; background_color=&#8221;#ffffff&#8221; background_color_opacity=&#8221;1&#8243; background_hover_color_opacity=&#8221;1&#8243; column_link_target=&#8221;_self&#8221; column_shadow=&#8221;none&#8221; column_border_radius=&#8221;15px&#8221; top_margin=&#8221;5%&#8221; bottom_margin=&#8221;5%&#8221; width=&#8221;2\/3&#8243; tablet_width_inherit=&#8221;default&#8221; tablet_text_alignment=&#8221;default&#8221; phone_text_alignment=&#8221;default&#8221; overlay_strength=&#8221;0.3&#8243; column_border_width=&#8221;none&#8221; bg_image_animation=&#8221;none&#8221;][vc_column_text]<a href=\"https:\/\/robotex.international\/et\/%d0%bc%d0%b5%d1%80%d1%8b-%d0%bf%d1%80%d0%b5%d0%b4%d0%be%d1%81%d1%82%d0%be%d1%80%d0%be%d0%b6%d0%bd%d0%be%d1%81%d1%82%d0%b8-%d0%bf%d1%80%d0%b8-covid\/\"><span style=\"font-size: 18pt;\"><strong>\u0421 \u043f\u0440\u0430\u0432\u0438\u043b\u0430\u043c\u0438 Covid \u043d\u0430 \u0440\u0443\u0441\u0441\u043a\u043e\u043c \u044f\u0437\u044b\u043a\u0435 \u043c\u043e\u0436\u043d\u043e \u043e\u0437\u043d\u0430\u043a\u043e\u043c\u0438\u0442\u044c\u0441\u044f \u0437\u0434\u0435\u0441\u044c<\/strong><\/span><\/a><\/p>\n<p><span style=\"font-size: 14pt;\"><b>Robotex toimub 5.-7. november Saku Suurhallis. Selleks, et k\u00f5ik kulgeks h\u00e4sti, palume k\u00f5igil allj\u00e4rgnevaid juhiseid l\u00e4bi lugeda ning neist juhinduda.<\/b><\/span><\/p>\n<p><b>COVID reeglid Robotexil<\/b><\/p>\n<p><span style=\"font-weight: 400;\">Vastavalt valitsuse poolt m\u00e4\u00e4ratud uutele regulatsioonidele, kontrollime Robotexil kehtivat koroonapassi koos ID- kaardiga. Noortel vanuses 12-18 peab olema ette n\u00e4idata samuti kas vaktsineerimist\u00f5end v\u00f5i negatiivse testi tulemus.<\/span><\/p>\n<p><b>Mida see t\u00e4hendab?<\/b><\/p>\n<p><span style=\"font-weight: 400;\">Seoses koroonapassi kontrolliga on meil v\u00f5imalust tagada k\u00f5igile p\u00e4\u00e4s Robootika suur\u00fcritusele seega ole kannatlik ja arvesta, et sissep\u00e4\u00e4semisega alale l\u00e4heb aega.<\/span><\/p>\n<p><b>\u00dcritusele publiku sekka saamiseks peab olemas olema:\u00a0<\/b><\/p>\n<ul>\n<li style=\"font-weight: 400;\" aria-level=\"1\"><span style=\"font-weight: 400;\">\u00a0COVID-19 vaktsineerimiskuuri l\u00e4bimise t\u00f5end<\/span><\/li>\n<\/ul>\n<p><span style=\"font-weight: 400;\">EL digitaalse COVID t\u00f5endi saab ise luua patsiendiportaalis aadressil <\/span><a href=\"http:\/\/digilugu.ee\/\"><span style=\"font-weight: 400;\">digilugu.ee<\/span><\/a><span style=\"font-weight: 400;\">. Salvesta kindlasti t\u00f5end endal telefoni v\u00f5i prindi v\u00e4lja, et kohapeal ei peaks otsima!<\/span><\/p>\n<ul>\n<li style=\"font-weight: 400;\" aria-level=\"1\"><span style=\"font-weight: 400;\">Noortel vanuses 12-18 peab olema \u00fcritusele p\u00e4\u00e4semiseks ette n\u00e4idata negatiivne koroonatest v\u00f5i vaktsineerimiskuuri l\u00e4bimise t\u00f5end ehk covid pass.<\/span><\/li>\n<li style=\"font-weight: 400;\" aria-level=\"1\"><span style=\"font-weight: 400;\">Alla 12-aastased saavad sisse ilma t\u00f5endita ja passita.<\/span><\/li>\n<\/ul>\n<p><span style=\"font-weight: 400;\">&#8211;\u00a0 Kohapeal Saku Suurhalli ees on korraldaja poolt tagatud lisatasu eest testi tegemise v\u00f5imalus. Testimist viib l\u00e4bi Businext Eesti O\u00dc.\u00a0<\/span><\/p>\n<p><span style=\"font-weight: 400;\">Kiirtest maksab k\u00fclastajale 5 \u20ac\/15\u20ac ja vastused saab teada kohapeal 10-15 minutiga. 5\u20ac test tagab p\u00e4\u00e4su 2 p\u00e4evaks \u00fcritusele, mille puhul v\u00e4ljastatakse k\u00e4epael.<\/span><\/p>\n<p><span style=\"font-weight: 400;\">15\u20ac kiirtesti pakume v\u00e4lismaalastele ja see on kehtiv 48 tundi ning sisaldab QR koodi saatmisega mobiilile v\u00f5i kohapealne v\u00e4ljatr\u00fckk.<\/span><\/p>\n<p><span style=\"font-weight: 400;\">NB! Positiivse kiirtesti tulemuse puhul kohapeal piletiraha tagastamisele ei kuulu!<\/span><\/p>\n<p><span style=\"font-weight: 400;\">Palume mitte enda tehtud kiirtestiga tulla, samuti ei ole p\u00e4dev test isegi, kui seda teha kohapeal veel eelnevalt avamata karbist. Ainus test, mis on aktsepteeritav meie jaoks on kohapeal meditsiinit\u00f6\u00f6tajate poolt sooritatud test.<\/span><\/p>\n<p><b>NB! Robotexil on maskikandmise kohustus! \u00dcrituse korraldaja jagab vajadusel kohapeal tasuta maske.<\/b>[\/vc_column_text][\/vc_column][\/vc_row]\n","protected":false},"excerpt":{"rendered":"<p>[vc_row type=&#8221;full_width_content&#8221; full_screen_row_position=&#8221;middle&#8221; equal_height=&#8221;yes&#8221; column_margin=&#8221;20px&#8221; bg_image=&#8221;123&#8243; bg_position=&#8221;left top&#8221; bg_repeat=&#8221;no-repeat&#8221; scene_position=&#8221;center&#8221; text_color=&#8221;dark&#8221; text_align=&#8221;left&#8221; overlay_strength=&#8221;0.3&#8243; shape_divider_position=&#8221;bottom&#8221; bg_image_animation=&#8221;none&#8221; shape_type=&#8221;&#8221;][vc_column column_padding=&#8221;no-extra-padding&#8221; column_padding_position=&#8221;all&#8221; background_color_opacity=&#8221;1&#8243; background_hover_color_opacity=&#8221;1&#8243; column_link_target=&#8221;_self&#8221; column_shadow=&#8221;none&#8221; column_border_radius=&#8221;15px&#8221; top_margin=&#8221;5%&#8221; bottom_margin=&#8221;5%&#8221; width=&#8221;1\/3&#8243; tablet_width_inherit=&#8221;default&#8221; tablet_text_alignment=&#8221;default&#8221; phone_text_alignment=&#8221;default&#8221; overlay_strength=&#8221;0.3&#8243;&#8230;<\/p>\n","protected":false},"author":1,"featured_media":0,"parent":0,"menu_order":0,"comment_status":"closed","ping_status":"closed","template":"","meta":{"footnotes":""},"class_list":["post-245","page","type-page","status-publish"],"yoast_head":"<!-- This site is optimized with the Yoast SEO plugin v27.3 - https:\/\/yoast.com\/product\/yoast-seo-wordpress\/ -->\n<title>Covid-19 juhised - Robotex International<\/title>\n<meta name=\"robots\" content=\"index, follow, max-snippet:-1, max-image-preview:large, max-video-preview:-1\" \/>\n<link rel=\"canonical\" href=\"https:\/\/robotex.international\/et\/covid-19-juhised\/\" \/>\n<meta property=\"og:locale\" content=\"et_EE\" \/>\n<meta property=\"og:type\" content=\"article\" \/>\n<meta property=\"og:title\" content=\"Covid-19 juhised - Robotex International\" \/>\n<meta property=\"og:description\" content=\"[vc_row type=&#8221;full_width_content&#8221; full_screen_row_position=&#8221;middle&#8221; equal_height=&#8221;yes&#8221; column_margin=&#8221;20px&#8221; bg_image=&#8221;123&#8243; bg_position=&#8221;left top&#8221; bg_repeat=&#8221;no-repeat&#8221; scene_position=&#8221;center&#8221; text_color=&#8221;dark&#8221; text_align=&#8221;left&#8221; overlay_strength=&#8221;0.3&#8243; shape_divider_position=&#8221;bottom&#8221; bg_image_animation=&#8221;none&#8221; shape_type=&#8221;&#8221;][vc_column column_padding=&#8221;no-extra-padding&#8221; column_padding_position=&#8221;all&#8221; background_color_opacity=&#8221;1&#8243; background_hover_color_opacity=&#8221;1&#8243; column_link_target=&#8221;_self&#8221; column_shadow=&#8221;none&#8221; column_border_radius=&#8221;15px&#8221; top_margin=&#8221;5%&#8221; bottom_margin=&#8221;5%&#8221; width=&#8221;1\/3&#8243; tablet_width_inherit=&#8221;default&#8221; tablet_text_alignment=&#8221;default&#8221; phone_text_alignment=&#8221;default&#8221; overlay_strength=&#8221;0.3&#8243;...\" \/>\n<meta property=\"og:url\" content=\"https:\/\/robotex.international\/et\/covid-19-juhised\/\" \/>\n<meta property=\"og:site_name\" content=\"Robotex International\" \/>\n<meta property=\"article:publisher\" content=\"https:\/\/www.facebook.com\/RobotexInternational\/\" \/>\n<meta property=\"article:modified_time\" content=\"2024-07-04T04:42:48+00:00\" \/>\n<meta name=\"twitter:card\" content=\"summary_large_image\" \/>\n<meta name=\"twitter:label1\" content=\"Est. reading time\" \/>\n\t<meta name=\"twitter:data1\" content=\"2 minutit\" \/>\n<script type=\"application\/ld+json\" class=\"yoast-schema-graph\">{\"@context\":\"https:\\\/\\\/schema.org\",\"@graph\":[{\"@type\":\"WebPage\",\"@id\":\"https:\\\/\\\/robotex.international\\\/et\\\/covid-19-juhised\\\/\",\"url\":\"https:\\\/\\\/robotex.international\\\/et\\\/covid-19-juhised\\\/\",\"name\":\"Covid-19 juhised - Robotex International\",\"isPartOf\":{\"@id\":\"https:\\\/\\\/robotex.international\\\/et\\\/#website\"},\"datePublished\":\"2020-03-12T18:53:58+00:00\",\"dateModified\":\"2024-07-04T04:42:48+00:00\",\"breadcrumb\":{\"@id\":\"https:\\\/\\\/robotex.international\\\/et\\\/covid-19-juhised\\\/#breadcrumb\"},\"inLanguage\":\"et\",\"potentialAction\":[{\"@type\":\"ReadAction\",\"target\":[\"https:\\\/\\\/robotex.international\\\/et\\\/covid-19-juhised\\\/\"]}]},{\"@type\":\"BreadcrumbList\",\"@id\":\"https:\\\/\\\/robotex.international\\\/et\\\/covid-19-juhised\\\/#breadcrumb\",\"itemListElement\":[{\"@type\":\"ListItem\",\"position\":1,\"name\":\"Home\",\"item\":\"https:\\\/\\\/robotex.international\\\/et\\\/\"},{\"@type\":\"ListItem\",\"position\":2,\"name\":\"Covid-19 juhised\"}]},{\"@type\":\"WebSite\",\"@id\":\"https:\\\/\\\/robotex.international\\\/et\\\/#website\",\"url\":\"https:\\\/\\\/robotex.international\\\/et\\\/\",\"name\":\"Robotex International\",\"description\":\"the biggest robotics festival on the planet\",\"publisher\":{\"@id\":\"https:\\\/\\\/robotex.international\\\/et\\\/#organization\"},\"potentialAction\":[{\"@type\":\"SearchAction\",\"target\":{\"@type\":\"EntryPoint\",\"urlTemplate\":\"https:\\\/\\\/robotex.international\\\/et\\\/?s={search_term_string}\"},\"query-input\":{\"@type\":\"PropertyValueSpecification\",\"valueRequired\":true,\"valueName\":\"search_term_string\"}}],\"inLanguage\":\"et\"},{\"@type\":\"Organization\",\"@id\":\"https:\\\/\\\/robotex.international\\\/et\\\/#organization\",\"name\":\"Robotex International\",\"url\":\"https:\\\/\\\/robotex.international\\\/et\\\/\",\"logo\":{\"@type\":\"ImageObject\",\"inLanguage\":\"et\",\"@id\":\"https:\\\/\\\/robotex.international\\\/et\\\/#\\\/schema\\\/logo\\\/image\\\/\",\"url\":\"https:\\\/\\\/robotex.international\\\/wp-content\\\/uploads\\\/2020\\\/04\\\/red.png\",\"contentUrl\":\"https:\\\/\\\/robotex.international\\\/wp-content\\\/uploads\\\/2020\\\/04\\\/red.png\",\"width\":200,\"height\":63,\"caption\":\"Robotex International\"},\"image\":{\"@id\":\"https:\\\/\\\/robotex.international\\\/et\\\/#\\\/schema\\\/logo\\\/image\\\/\"},\"sameAs\":[\"https:\\\/\\\/www.facebook.com\\\/RobotexInternational\\\/\",\"https:\\\/\\\/www.instagram.com\\\/robotex.international\\\/\",\"https:\\\/\\\/www.linkedin.com\\\/company\\\/18668457\"]}]}<\/script>\n<!-- \/ Yoast SEO plugin. -->","yoast_head_json":{"title":"Covid-19 juhised - Robotex International","robots":{"index":"index","follow":"follow","max-snippet":"max-snippet:-1","max-image-preview":"max-image-preview:large","max-video-preview":"max-video-preview:-1"},"canonical":"https:\/\/robotex.international\/et\/covid-19-juhised\/","og_locale":"et_EE","og_type":"article","og_title":"Covid-19 juhised - Robotex International","og_description":"[vc_row type=&#8221;full_width_content&#8221; full_screen_row_position=&#8221;middle&#8221; equal_height=&#8221;yes&#8221; column_margin=&#8221;20px&#8221; bg_image=&#8221;123&#8243; bg_position=&#8221;left top&#8221; bg_repeat=&#8221;no-repeat&#8221; scene_position=&#8221;center&#8221; text_color=&#8221;dark&#8221; text_align=&#8221;left&#8221; overlay_strength=&#8221;0.3&#8243; shape_divider_position=&#8221;bottom&#8221; bg_image_animation=&#8221;none&#8221; shape_type=&#8221;&#8221;][vc_column column_padding=&#8221;no-extra-padding&#8221; column_padding_position=&#8221;all&#8221; background_color_opacity=&#8221;1&#8243; background_hover_color_opacity=&#8221;1&#8243; column_link_target=&#8221;_self&#8221; column_shadow=&#8221;none&#8221; column_border_radius=&#8221;15px&#8221; top_margin=&#8221;5%&#8221; bottom_margin=&#8221;5%&#8221; width=&#8221;1\/3&#8243; tablet_width_inherit=&#8221;default&#8221; tablet_text_alignment=&#8221;default&#8221; phone_text_alignment=&#8221;default&#8221; overlay_strength=&#8221;0.3&#8243;...","og_url":"https:\/\/robotex.international\/et\/covid-19-juhised\/","og_site_name":"Robotex International","article_publisher":"https:\/\/www.facebook.com\/RobotexInternational\/","article_modified_time":"2024-07-04T04:42:48+00:00","twitter_card":"summary_large_image","twitter_misc":{"Est. reading time":"2 minutit"},"schema":{"@context":"https:\/\/schema.org","@graph":[{"@type":"WebPage","@id":"https:\/\/robotex.international\/et\/covid-19-juhised\/","url":"https:\/\/robotex.international\/et\/covid-19-juhised\/","name":"Covid-19 juhised - Robotex International","isPartOf":{"@id":"https:\/\/robotex.international\/et\/#website"},"datePublished":"2020-03-12T18:53:58+00:00","dateModified":"2024-07-04T04:42:48+00:00","breadcrumb":{"@id":"https:\/\/robotex.international\/et\/covid-19-juhised\/#breadcrumb"},"inLanguage":"et","potentialAction":[{"@type":"ReadAction","target":["https:\/\/robotex.international\/et\/covid-19-juhised\/"]}]},{"@type":"BreadcrumbList","@id":"https:\/\/robotex.international\/et\/covid-19-juhised\/#breadcrumb","itemListElement":[{"@type":"ListItem","position":1,"name":"Home","item":"https:\/\/robotex.international\/et\/"},{"@type":"ListItem","position":2,"name":"Covid-19 juhised"}]},{"@type":"WebSite","@id":"https:\/\/robotex.international\/et\/#website","url":"https:\/\/robotex.international\/et\/","name":"Robotex International","description":"the biggest robotics festival on the planet","publisher":{"@id":"https:\/\/robotex.international\/et\/#organization"},"potentialAction":[{"@type":"SearchAction","target":{"@type":"EntryPoint","urlTemplate":"https:\/\/robotex.international\/et\/?s={search_term_string}"},"query-input":{"@type":"PropertyValueSpecification","valueRequired":true,"valueName":"search_term_string"}}],"inLanguage":"et"},{"@type":"Organization","@id":"https:\/\/robotex.international\/et\/#organization","name":"Robotex International","url":"https:\/\/robotex.international\/et\/","logo":{"@type":"ImageObject","inLanguage":"et","@id":"https:\/\/robotex.international\/et\/#\/schema\/logo\/image\/","url":"https:\/\/robotex.international\/wp-content\/uploads\/2020\/04\/red.png","contentUrl":"https:\/\/robotex.international\/wp-content\/uploads\/2020\/04\/red.png","width":200,"height":63,"caption":"Robotex International"},"image":{"@id":"https:\/\/robotex.international\/et\/#\/schema\/logo\/image\/"},"sameAs":["https:\/\/www.facebook.com\/RobotexInternational\/","https:\/\/www.instagram.com\/robotex.international\/","https:\/\/www.linkedin.com\/company\/18668457"]}]}},"_links":{"self":[{"href":"https:\/\/robotex.international\/et\/wp-json\/wp\/v2\/pages\/245","targetHints":{"allow":["GET"]}}],"collection":[{"href":"https:\/\/robotex.international\/et\/wp-json\/wp\/v2\/pages"}],"about":[{"href":"https:\/\/robotex.international\/et\/wp-json\/wp\/v2\/types\/page"}],"author":[{"embeddable":true,"href":"https:\/\/robotex.international\/et\/wp-json\/wp\/v2\/users\/1"}],"replies":[{"embeddable":true,"href":"https:\/\/robotex.international\/et\/wp-json\/wp\/v2\/comments?post=245"}],"version-history":[{"count":33,"href":"https:\/\/robotex.international\/et\/wp-json\/wp\/v2\/pages\/245\/revisions"}],"predecessor-version":[{"id":4322,"href":"https:\/\/robotex.international\/et\/wp-json\/wp\/v2\/pages\/245\/revisions\/4322"}],"wp:attachment":[{"href":"https:\/\/robotex.international\/et\/wp-json\/wp\/v2\/media?parent=245"}],"curies":[{"name":"wp","href":"https:\/\/api.w.org\/{rel}","templated":true}]}}