{"id":2135,"date":"2022-09-22T05:34:55","date_gmt":"2022-09-22T05:34:55","guid":{"rendered":"https:\/\/robotex.international\/?page_id=2135"},"modified":"2025-10-01T06:14:56","modified_gmt":"2025-10-01T06:14:56","slug":"robotex-eesti","status":"publish","type":"page","link":"https:\/\/robotex.international\/et\/robotex-eesti\/","title":{"rendered":"Robotex Eesti"},"content":{"rendered":"[vc_row type=&#8221;full_width_content&#8221; full_screen_row_position=&#8221;middle&#8221; equal_height=&#8221;yes&#8221; column_margin=&#8221;20px&#8221; bg_image=&#8221;123&#8243; bg_position=&#8221;left top&#8221; bg_repeat=&#8221;repeat&#8221; scene_position=&#8221;center&#8221; text_color=&#8221;dark&#8221; text_align=&#8221;left&#8221; overlay_strength=&#8221;0.3&#8243; enable_shape_divider=&#8221;true&#8221; shape_divider_color=&#8221;#ffffff&#8221; shape_divider_position=&#8221;top&#8221; bg_image_animation=&#8221;none&#8221; shape_type=&#8221;fan&#8221;][vc_column column_padding=&#8221;padding-5-percent&#8221; column_padding_position=&#8221;all&#8221; background_color=&#8221;#ffffff&#8221; background_color_opacity=&#8221;1&#8243; background_hover_color_opacity=&#8221;1&#8243; column_link_target=&#8221;_self&#8221; column_shadow=&#8221;none&#8221; column_border_radius=&#8221;15px&#8221; top_margin=&#8221;5%&#8221; bottom_margin=&#8221;5%&#8221; width=&#8221;1\/1&#8243; tablet_width_inherit=&#8221;default&#8221; tablet_text_alignment=&#8221;default&#8221; phone_text_alignment=&#8221;default&#8221; overlay_strength=&#8221;0.3&#8243; column_border_width=&#8221;none&#8221; bg_image_animation=&#8221;none&#8221;][vc_column_text]\n<h1><span style=\"color: #cc1437;\">V\u00f5istlustele registreerimine<\/span><\/h1>\n[\/vc_column_text][vc_column_text]<b>Robotex Internationali eelv\u00f5istlused<\/b><\/p>\n<p>Robotex International Eesti eelvoor toimub 7.novembril algusega kell 10, TalTech spordihoones.<\/p>\n<p>Aadress: M\u00e4nniliiva tn 7, Tallinn<\/p>\n<div>Robotex International 2025 Eesti eelvoor LEGO SUMO:\u00a0<a id=\"m_2985458515400672166LPlnk436859\" style=\"text-decoration: underline; color: #ce1437;\" href=\"https:\/\/forms.gle\/bqUH8y2mjErsRqzR6\" target=\"_blank\" rel=\"noopener\" data-saferedirecturl=\"https:\/\/www.google.com\/url?q=https:\/\/forms.gle\/bqUH8y2mjErsRqzR6&amp;source=gmail&amp;ust=1759353231855000&amp;usg=AOvVaw2XswJNrfMSEFY_E-k8VM2F\">https:\/\/forms.gle\/<wbr \/>bqUH8y2mjErsRqzR6<\/a><\/div>\n<div><\/div>\n<div>Robotex International 2025 Eesti eelvoor LEGO Joonej\u00e4rgimine: <a id=\"m_2985458515400672166LPlnk318403\" style=\"text-decoration: underline; color: #ce1437;\" href=\"https:\/\/forms.gle\/b1p6hqMVNKeh73E47\" target=\"_blank\" rel=\"noopener\" data-saferedirecturl=\"https:\/\/www.google.com\/url?q=https:\/\/forms.gle\/b1p6hqMVNKeh73E47&amp;source=gmail&amp;ust=1759353231855000&amp;usg=AOvVaw3TDO3WnYw2Cf67QZu_d_8D\">https:\/\/forms.gle\/<wbr \/>b1p6hqMVNKeh73E47<\/a><\/div>\n<div><\/div>\n<div>Robotex International 2025 Eesti eelvoor Folkrace: <a id=\"m_2985458515400672166LPlnk442003\" style=\"text-decoration: underline; color: #ce1437;\" href=\"https:\/\/forms.gle\/pzYubAqpUf2MUyXN6\" target=\"_blank\" rel=\"noopener\" data-saferedirecturl=\"https:\/\/www.google.com\/url?q=https:\/\/forms.gle\/pzYubAqpUf2MUyXN6&amp;source=gmail&amp;ust=1759353231855000&amp;usg=AOvVaw0ORyvY-fTPvxlZidacXLTo\">https:\/\/forms.gle\/<wbr \/>pzYubAqpUf2MUyXN6<\/a><\/div>\n<div><\/div>\n<div id=\"m_2985458515400672166Signature\">\n<div>Robotex International Eesti eelvoor toimub 7.novembril algusega kell 11, TalTech spordihoones, registreerimine ja tehniline kontroll alustab 10.00<\/div>\n<div><b>Registreerumine on avatud kuni 31. oktoober 2025.<\/b><\/div>\n<\/div>\n<p>Sel aastal toimub \u00fcks \u00fcle-eestiline Robotex International eelv\u00f5istlus, mis tagab parimatele osalemise Robotexi p\u00f5hiv\u00f5istlusele 5. ja 6. detsembril Unibet Arenal.<\/p>\n<div class=\"hidden\">Lego sumo registreerimisvorm asub <a id=\"m_-3450082426411636186LPlnk\" title=\"https:\/\/forms.gle\/eUD6Qmt7c1h2Zejt7\" href=\"https:\/\/forms.gle\/eUD6Qmt7c1h2Zejt7\" target=\"_blank\" rel=\"noopener\" data-saferedirecturl=\"https:\/\/www.google.com\/url?q=https:\/\/forms.gle\/eUD6Qmt7c1h2Zejt7&amp;source=gmail&amp;ust=1725336716011000&amp;usg=AOvVaw0Lymln_TSXnqs5ITsj8v-k\">siin<\/a>.Lego joonej\u00e4rgimise registreerimine asub\u00a0<a id=\"m_-3450082426411636186LPlnk\" title=\"https:\/\/forms.gle\/a6XCSDdBBaSnc7Q47\" href=\"https:\/\/forms.gle\/a6XCSDdBBaSnc7Q47\" target=\"_blank\" rel=\"noopener\" data-saferedirecturl=\"https:\/\/www.google.com\/url?q=https:\/\/forms.gle\/a6XCSDdBBaSnc7Q47&amp;source=gmail&amp;ust=1725336716011000&amp;usg=AOvVaw1Vk2SinZ6P70RNV7OA9LvP\">siin<\/a>.<\/div>\n[\/vc_column_text][\/vc_column][\/vc_row][vc_row type=&#8221;full_width_background&#8221; full_screen_row_position=&#8221;middle&#8221; column_margin=&#8221;default&#8221; bg_image=&#8221;123&#8243; bg_position=&#8221;left top&#8221; bg_repeat=&#8221;repeat&#8221; scene_position=&#8221;center&#8221; text_color=&#8221;light&#8221; text_align=&#8221;left&#8221; top_padding=&#8221;2%&#8221; bottom_padding=&#8221;5%&#8221; overlay_strength=&#8221;0.3&#8243; enable_shape_divider=&#8221;true&#8221; shape_divider_color=&#8221;#ffffff&#8221; shape_divider_position=&#8221;bottom&#8221; bg_image_animation=&#8221;none&#8221; shape_type=&#8221;fan&#8221;][vc_column column_padding=&#8221;no-extra-padding&#8221; column_padding_position=&#8221;all&#8221; background_color_opacity=&#8221;1&#8243; background_hover_color_opacity=&#8221;1&#8243; column_link_target=&#8221;_self&#8221; column_shadow=&#8221;none&#8221; column_border_radius=&#8221;none&#8221; width=&#8221;1\/4&#8243; tablet_width_inherit=&#8221;default&#8221; tablet_text_alignment=&#8221;default&#8221; phone_text_alignment=&#8221;default&#8221; overlay_strength=&#8221;0.3&#8243; column_border_width=&#8221;none&#8221; column_border_style=&#8221;solid&#8221; bg_image_animation=&#8221;none&#8221;][\/vc_column][vc_column centered_text=&#8221;true&#8221; column_padding=&#8221;no-extra-padding&#8221; column_padding_position=&#8221;all&#8221; background_color_opacity=&#8221;1&#8243; background_hover_color_opacity=&#8221;1&#8243; column_link_target=&#8221;_self&#8221; column_shadow=&#8221;none&#8221; column_border_radius=&#8221;none&#8221; width=&#8221;1\/2&#8243; tablet_width_inherit=&#8221;default&#8221; tablet_text_alignment=&#8221;default&#8221; phone_text_alignment=&#8221;default&#8221; overlay_strength=&#8221;0.3&#8243; column_border_width=&#8221;none&#8221; column_border_style=&#8221;solid&#8221; bg_image_animation=&#8221;none&#8221;][vc_row_inner column_margin=&#8221;default&#8221; text_align=&#8221;left&#8221;][vc_column_inner column_padding=&#8221;no-extra-padding&#8221; column_padding_position=&#8221;all&#8221; background_color_opacity=&#8221;1&#8243; background_hover_color_opacity=&#8221;1&#8243; column_shadow=&#8221;none&#8221; column_border_radius=&#8221;none&#8221; column_link_target=&#8221;_self&#8221; width=&#8221;1\/1&#8243; tablet_width_inherit=&#8221;default&#8221; overlay_strength=&#8221;0.3&#8243; column_border_width=&#8221;none&#8221; column_border_style=&#8221;solid&#8221; bg_image_animation=&#8221;fade-in&#8221; enable_animation=&#8221;true&#8221; animation=&#8221;fade-in-from-left&#8221;][vc_column_text]\n<h2>\u00c4ra j\u00e4\u00e4 olulisest infost ilma ja liitu meie uudiskirjaga<\/h2>\n[\/vc_column_text][\/vc_column_inner][\/vc_row_inner][vc_row_inner column_margin=&#8221;default&#8221; text_align=&#8221;left&#8221;][vc_column_inner column_padding=&#8221;no-extra-padding&#8221; column_padding_position=&#8221;all&#8221; centered_text=&#8221;true&#8221; background_color_opacity=&#8221;1&#8243; background_hover_color_opacity=&#8221;1&#8243; column_shadow=&#8221;none&#8221; column_border_radius=&#8221;none&#8221; column_link_target=&#8221;_self&#8221; width=&#8221;1\/3&#8243; tablet_width_inherit=&#8221;default&#8221; overlay_strength=&#8221;0.3&#8243; column_border_width=&#8221;none&#8221; column_border_style=&#8221;solid&#8221; bg_image_animation=&#8221;none&#8221;][\/vc_column_inner][vc_column_inner column_padding=&#8221;no-extra-padding&#8221; column_padding_position=&#8221;all&#8221; background_color_opacity=&#8221;1&#8243; background_hover_color_opacity=&#8221;1&#8243; column_shadow=&#8221;none&#8221; column_border_radius=&#8221;none&#8221; column_link_target=&#8221;_self&#8221; width=&#8221;1\/3&#8243; tablet_width_inherit=&#8221;default&#8221; overlay_strength=&#8221;0.3&#8243; column_border_width=&#8221;none&#8221; column_border_style=&#8221;solid&#8221; bg_image_animation=&#8221;none&#8221;][nectar_btn size=&#8221;jumbo&#8221; button_style=&#8221;see-through-2&#8243; color_override=&#8221;#ffffff&#8221; hover_color_override=&#8221;#ffffff&#8221; hover_text_color_override=&#8221;#000000&#8243; icon_family=&#8221;none&#8221; el_class=&#8221;sppro-showpopup&#8221; text=&#8221;Liitu&#8221; css_animation=&#8221;pulse&#8221; margin_top=&#8221;25&#8243;][\/vc_column_inner][vc_column_inner column_padding=&#8221;no-extra-padding&#8221; column_padding_position=&#8221;all&#8221; background_color_opacity=&#8221;1&#8243; background_hover_color_opacity=&#8221;1&#8243; column_shadow=&#8221;none&#8221; column_border_radius=&#8221;none&#8221; column_link_target=&#8221;_self&#8221; width=&#8221;1\/3&#8243; tablet_width_inherit=&#8221;default&#8221; overlay_strength=&#8221;0.3&#8243; column_border_width=&#8221;none&#8221; column_border_style=&#8221;solid&#8221; bg_image_animation=&#8221;none&#8221;][\/vc_column_inner][\/vc_row_inner][\/vc_column][vc_column column_padding=&#8221;no-extra-padding&#8221; column_padding_position=&#8221;all&#8221; background_color_opacity=&#8221;1&#8243; background_hover_color_opacity=&#8221;1&#8243; column_link_target=&#8221;_self&#8221; column_shadow=&#8221;none&#8221; column_border_radius=&#8221;none&#8221; width=&#8221;1\/4&#8243; tablet_width_inherit=&#8221;default&#8221; tablet_text_alignment=&#8221;default&#8221; phone_text_alignment=&#8221;default&#8221; overlay_strength=&#8221;0.3&#8243; column_border_width=&#8221;none&#8221; column_border_style=&#8221;solid&#8221; bg_image_animation=&#8221;none&#8221;][\/vc_column][\/vc_row]\n","protected":false},"excerpt":{"rendered":"<p>[vc_row type=&#8221;full_width_content&#8221; full_screen_row_position=&#8221;middle&#8221; equal_height=&#8221;yes&#8221; column_margin=&#8221;20px&#8221; bg_image=&#8221;123&#8243; bg_position=&#8221;left top&#8221; bg_repeat=&#8221;repeat&#8221; scene_position=&#8221;center&#8221; text_color=&#8221;dark&#8221; text_align=&#8221;left&#8221; overlay_strength=&#8221;0.3&#8243; enable_shape_divider=&#8221;true&#8221; shape_divider_color=&#8221;#ffffff&#8221; shape_divider_position=&#8221;top&#8221; bg_image_animation=&#8221;none&#8221; shape_type=&#8221;fan&#8221;][vc_column column_padding=&#8221;padding-5-percent&#8221; column_padding_position=&#8221;all&#8221; background_color=&#8221;#ffffff&#8221; background_color_opacity=&#8221;1&#8243; background_hover_color_opacity=&#8221;1&#8243; column_link_target=&#8221;_self&#8221; column_shadow=&#8221;none&#8221; column_border_radius=&#8221;15px&#8221; top_margin=&#8221;5%&#8221; bottom_margin=&#8221;5%&#8221; width=&#8221;1\/1&#8243; tablet_width_inherit=&#8221;default&#8221;&#8230;<\/p>\n","protected":false},"author":1,"featured_media":0,"parent":0,"menu_order":0,"comment_status":"closed","ping_status":"closed","template":"","meta":{"footnotes":""},"class_list":["post-2135","page","type-page","status-publish"],"yoast_head":"<!-- This site is optimized with the Yoast SEO plugin v27.1.1 - https:\/\/yoast.com\/product\/yoast-seo-wordpress\/ -->\n<title>Robotex Eesti - Robotex International<\/title>\n<meta name=\"description\" content=\"Robotexil on l\u00e4bi aegade v\u00f5isteldud erinevatel aladel: joonej\u00e4rgimises, lab\u00fcrindi l\u00e4bimises, v\u00f5rkpallis, k\u00f6ieronimises, toa koristamises, jalgpallis, veerallis, rallikrossis, merep\u00e4\u00e4stes ja teistes \u00fclesannetes.\" \/>\n<meta name=\"robots\" content=\"index, follow, max-snippet:-1, max-image-preview:large, max-video-preview:-1\" \/>\n<link rel=\"canonical\" href=\"https:\/\/robotex.international\/et\/robotex-eesti\/\" \/>\n<meta property=\"og:locale\" content=\"et_EE\" \/>\n<meta property=\"og:type\" content=\"article\" \/>\n<meta property=\"og:title\" content=\"Robotex Eesti - Robotex International\" \/>\n<meta property=\"og:description\" content=\"Robotexil on l\u00e4bi aegade v\u00f5isteldud erinevatel aladel: joonej\u00e4rgimises, lab\u00fcrindi l\u00e4bimises, v\u00f5rkpallis, k\u00f6ieronimises, toa koristamises, jalgpallis, veerallis, rallikrossis, merep\u00e4\u00e4stes ja teistes \u00fclesannetes.\" \/>\n<meta property=\"og:url\" content=\"https:\/\/robotex.international\/et\/robotex-eesti\/\" \/>\n<meta property=\"og:site_name\" content=\"Robotex International\" \/>\n<meta property=\"article:publisher\" content=\"https:\/\/www.facebook.com\/RobotexInternational\/\" \/>\n<meta property=\"article:modified_time\" content=\"2025-10-01T06:14:56+00:00\" \/>\n<meta name=\"twitter:card\" content=\"summary_large_image\" \/>\n<meta name=\"twitter:label1\" content=\"Est. reading time\" \/>\n\t<meta name=\"twitter:data1\" content=\"2 minutit\" \/>\n<script type=\"application\/ld+json\" class=\"yoast-schema-graph\">{\"@context\":\"https:\/\/schema.org\",\"@graph\":[{\"@type\":\"WebPage\",\"@id\":\"https:\/\/robotex.international\/et\/robotex-eesti\/\",\"url\":\"https:\/\/robotex.international\/et\/robotex-eesti\/\",\"name\":\"Robotex Eesti - Robotex International\",\"isPartOf\":{\"@id\":\"https:\/\/robotex.international\/et\/#website\"},\"datePublished\":\"2022-09-22T05:34:55+00:00\",\"dateModified\":\"2025-10-01T06:14:56+00:00\",\"description\":\"Robotexil on l\u00e4bi aegade v\u00f5isteldud erinevatel aladel: joonej\u00e4rgimises, lab\u00fcrindi l\u00e4bimises, v\u00f5rkpallis, k\u00f6ieronimises, toa koristamises, jalgpallis, veerallis, rallikrossis, merep\u00e4\u00e4stes ja teistes \u00fclesannetes.\",\"breadcrumb\":{\"@id\":\"https:\/\/robotex.international\/et\/robotex-eesti\/#breadcrumb\"},\"inLanguage\":\"et\",\"potentialAction\":[{\"@type\":\"ReadAction\",\"target\":[\"https:\/\/robotex.international\/et\/robotex-eesti\/\"]}]},{\"@type\":\"BreadcrumbList\",\"@id\":\"https:\/\/robotex.international\/et\/robotex-eesti\/#breadcrumb\",\"itemListElement\":[{\"@type\":\"ListItem\",\"position\":1,\"name\":\"Home\",\"item\":\"https:\/\/robotex.international\/et\/\"},{\"@type\":\"ListItem\",\"position\":2,\"name\":\"Robotex Eesti\"}]},{\"@type\":\"WebSite\",\"@id\":\"https:\/\/robotex.international\/et\/#website\",\"url\":\"https:\/\/robotex.international\/et\/\",\"name\":\"Robotex International\",\"description\":\"the biggest robotics festival on the planet\",\"publisher\":{\"@id\":\"https:\/\/robotex.international\/et\/#organization\"},\"potentialAction\":[{\"@type\":\"SearchAction\",\"target\":{\"@type\":\"EntryPoint\",\"urlTemplate\":\"https:\/\/robotex.international\/et\/?s={search_term_string}\"},\"query-input\":{\"@type\":\"PropertyValueSpecification\",\"valueRequired\":true,\"valueName\":\"search_term_string\"}}],\"inLanguage\":\"et\"},{\"@type\":\"Organization\",\"@id\":\"https:\/\/robotex.international\/et\/#organization\",\"name\":\"Robotex International\",\"url\":\"https:\/\/robotex.international\/et\/\",\"logo\":{\"@type\":\"ImageObject\",\"inLanguage\":\"et\",\"@id\":\"https:\/\/robotex.international\/et\/#\/schema\/logo\/image\/\",\"url\":\"https:\/\/robotex.international\/wp-content\/uploads\/2020\/04\/red.png\",\"contentUrl\":\"https:\/\/robotex.international\/wp-content\/uploads\/2020\/04\/red.png\",\"width\":200,\"height\":63,\"caption\":\"Robotex International\"},\"image\":{\"@id\":\"https:\/\/robotex.international\/et\/#\/schema\/logo\/image\/\"},\"sameAs\":[\"https:\/\/www.facebook.com\/RobotexInternational\/\",\"https:\/\/www.instagram.com\/robotex.international\/\",\"https:\/\/www.linkedin.com\/company\/18668457\"]}]}<\/script>\n<!-- \/ Yoast SEO plugin. -->","yoast_head_json":{"title":"Robotex Eesti - Robotex International","description":"Robotexil on l\u00e4bi aegade v\u00f5isteldud erinevatel aladel: joonej\u00e4rgimises, lab\u00fcrindi l\u00e4bimises, v\u00f5rkpallis, k\u00f6ieronimises, toa koristamises, jalgpallis, veerallis, rallikrossis, merep\u00e4\u00e4stes ja teistes \u00fclesannetes.","robots":{"index":"index","follow":"follow","max-snippet":"max-snippet:-1","max-image-preview":"max-image-preview:large","max-video-preview":"max-video-preview:-1"},"canonical":"https:\/\/robotex.international\/et\/robotex-eesti\/","og_locale":"et_EE","og_type":"article","og_title":"Robotex Eesti - Robotex International","og_description":"Robotexil on l\u00e4bi aegade v\u00f5isteldud erinevatel aladel: joonej\u00e4rgimises, lab\u00fcrindi l\u00e4bimises, v\u00f5rkpallis, k\u00f6ieronimises, toa koristamises, jalgpallis, veerallis, rallikrossis, merep\u00e4\u00e4stes ja teistes \u00fclesannetes.","og_url":"https:\/\/robotex.international\/et\/robotex-eesti\/","og_site_name":"Robotex International","article_publisher":"https:\/\/www.facebook.com\/RobotexInternational\/","article_modified_time":"2025-10-01T06:14:56+00:00","twitter_card":"summary_large_image","twitter_misc":{"Est. reading time":"2 minutit"},"schema":{"@context":"https:\/\/schema.org","@graph":[{"@type":"WebPage","@id":"https:\/\/robotex.international\/et\/robotex-eesti\/","url":"https:\/\/robotex.international\/et\/robotex-eesti\/","name":"Robotex Eesti - Robotex International","isPartOf":{"@id":"https:\/\/robotex.international\/et\/#website"},"datePublished":"2022-09-22T05:34:55+00:00","dateModified":"2025-10-01T06:14:56+00:00","description":"Robotexil on l\u00e4bi aegade v\u00f5isteldud erinevatel aladel: joonej\u00e4rgimises, lab\u00fcrindi l\u00e4bimises, v\u00f5rkpallis, k\u00f6ieronimises, toa koristamises, jalgpallis, veerallis, rallikrossis, merep\u00e4\u00e4stes ja teistes \u00fclesannetes.","breadcrumb":{"@id":"https:\/\/robotex.international\/et\/robotex-eesti\/#breadcrumb"},"inLanguage":"et","potentialAction":[{"@type":"ReadAction","target":["https:\/\/robotex.international\/et\/robotex-eesti\/"]}]},{"@type":"BreadcrumbList","@id":"https:\/\/robotex.international\/et\/robotex-eesti\/#breadcrumb","itemListElement":[{"@type":"ListItem","position":1,"name":"Home","item":"https:\/\/robotex.international\/et\/"},{"@type":"ListItem","position":2,"name":"Robotex Eesti"}]},{"@type":"WebSite","@id":"https:\/\/robotex.international\/et\/#website","url":"https:\/\/robotex.international\/et\/","name":"Robotex International","description":"the biggest robotics festival on the planet","publisher":{"@id":"https:\/\/robotex.international\/et\/#organization"},"potentialAction":[{"@type":"SearchAction","target":{"@type":"EntryPoint","urlTemplate":"https:\/\/robotex.international\/et\/?s={search_term_string}"},"query-input":{"@type":"PropertyValueSpecification","valueRequired":true,"valueName":"search_term_string"}}],"inLanguage":"et"},{"@type":"Organization","@id":"https:\/\/robotex.international\/et\/#organization","name":"Robotex International","url":"https:\/\/robotex.international\/et\/","logo":{"@type":"ImageObject","inLanguage":"et","@id":"https:\/\/robotex.international\/et\/#\/schema\/logo\/image\/","url":"https:\/\/robotex.international\/wp-content\/uploads\/2020\/04\/red.png","contentUrl":"https:\/\/robotex.international\/wp-content\/uploads\/2020\/04\/red.png","width":200,"height":63,"caption":"Robotex International"},"image":{"@id":"https:\/\/robotex.international\/et\/#\/schema\/logo\/image\/"},"sameAs":["https:\/\/www.facebook.com\/RobotexInternational\/","https:\/\/www.instagram.com\/robotex.international\/","https:\/\/www.linkedin.com\/company\/18668457"]}]}},"_links":{"self":[{"href":"https:\/\/robotex.international\/et\/wp-json\/wp\/v2\/pages\/2135","targetHints":{"allow":["GET"]}}],"collection":[{"href":"https:\/\/robotex.international\/et\/wp-json\/wp\/v2\/pages"}],"about":[{"href":"https:\/\/robotex.international\/et\/wp-json\/wp\/v2\/types\/page"}],"author":[{"embeddable":true,"href":"https:\/\/robotex.international\/et\/wp-json\/wp\/v2\/users\/1"}],"replies":[{"embeddable":true,"href":"https:\/\/robotex.international\/et\/wp-json\/wp\/v2\/comments?post=2135"}],"version-history":[{"count":26,"href":"https:\/\/robotex.international\/et\/wp-json\/wp\/v2\/pages\/2135\/revisions"}],"predecessor-version":[{"id":5649,"href":"https:\/\/robotex.international\/et\/wp-json\/wp\/v2\/pages\/2135\/revisions\/5649"}],"wp:attachment":[{"href":"https:\/\/robotex.international\/et\/wp-json\/wp\/v2\/media?parent=2135"}],"curies":[{"name":"wp","href":"https:\/\/api.w.org\/{rel}","templated":true}]}}