{"id":2100,"date":"2022-08-30T16:19:25","date_gmt":"2022-08-30T16:19:25","guid":{"rendered":"https:\/\/robotex.international\/?page_id=2100"},"modified":"2023-03-16T10:11:33","modified_gmt":"2023-03-16T10:11:33","slug":"r4eu-vr-naitus","status":"publish","type":"page","link":"https:\/\/robotex.international\/et\/r4eu-vr-naitus\/","title":{"rendered":"R4EU VR n\u00e4itus"},"content":{"rendered":"[vc_row type=&#8221;full_width_content&#8221; full_screen_row_position=&#8221;middle&#8221; equal_height=&#8221;yes&#8221; column_margin=&#8221;20px&#8221; bg_image=&#8221;123&#8243; bg_position=&#8221;left top&#8221; bg_repeat=&#8221;repeat&#8221; scene_position=&#8221;center&#8221; text_color=&#8221;dark&#8221; text_align=&#8221;left&#8221; overlay_strength=&#8221;0.3&#8243; enable_shape_divider=&#8221;true&#8221; shape_divider_color=&#8221;#ffffff&#8221; shape_divider_position=&#8221;top&#8221; bg_image_animation=&#8221;none&#8221; shape_type=&#8221;fan&#8221;][vc_column column_padding=&#8221;padding-5-percent&#8221; column_padding_position=&#8221;all&#8221; background_color=&#8221;#ffffff&#8221; background_color_opacity=&#8221;1&#8243; background_hover_color_opacity=&#8221;1&#8243; column_link_target=&#8221;_self&#8221; column_shadow=&#8221;none&#8221; column_border_radius=&#8221;15px&#8221; top_margin=&#8221;5%&#8221; bottom_margin=&#8221;5%&#8221; width=&#8221;1\/1&#8243; tablet_width_inherit=&#8221;default&#8221; tablet_text_alignment=&#8221;default&#8221; phone_text_alignment=&#8221;default&#8221; overlay_strength=&#8221;0.3&#8243; column_border_width=&#8221;none&#8221; bg_image_animation=&#8221;none&#8221;][vc_column_text]\n<h1><span style=\"color: #cc1437;\">R4EU VR n\u00e4itus<\/span><\/h1>\n[\/vc_column_text][tabbed_section style=&#8221;material&#8221; alignment=&#8221;left&#8221; spacing=&#8221;default&#8221; tab_color=&#8221;extra-color-gradient-2&#8243; icon_size=&#8221;24&#8243;][tab icon_family=&#8221;iconsmind&#8221; title=&#8221;Tutvustus&#8221; id=&#8221;1678961467851-8&#8243; tab_id=&#8221;1678961467852-7&#8243; icon_iconsmind=&#8221;iconsmind-Wrap-Text&#8221;][vc_row_inner column_margin=&#8221;default&#8221; text_align=&#8221;left&#8221;][vc_column_inner column_padding=&#8221;no-extra-padding&#8221; column_padding_position=&#8221;all&#8221; background_color_opacity=&#8221;1&#8243; background_hover_color_opacity=&#8221;1&#8243; column_shadow=&#8221;none&#8221; column_border_radius=&#8221;none&#8221; column_link_target=&#8221;_self&#8221; width=&#8221;1\/1&#8243; tablet_width_inherit=&#8221;default&#8221; overlay_strength=&#8221;0.3&#8243; column_border_width=&#8221;none&#8221; column_border_style=&#8221;solid&#8221; bg_image_animation=&#8221;none&#8221;][vc_column_text]Virtuaal reaalsuse n\u00e4itus on loodud Robotics4EU europrojekti raames. <a title=\"https:\/\/www.robospot.org\/\" href=\"https:\/\/www.robospot.org\/\" target=\"_blank\" rel=\"noreferrer noopener\">https:\/\/www.robospot.org\/<\/a><\/p>\n<p>N\u00e4ituse visioon oli teha k\u00f5ik uuendused ja robootika k\u00f5igile k\u00e4ttesaadavaks virtuaalreaalsuse formaadis, kuna see annab suurep\u00e4rase v\u00f5imaluse koondada paljud ettev\u00f5tted \u00fchele platvormile ja pakkuda k\u00f5ige kaasahaaravamat kogemust. Projektin\u00e4itusel osaledes on ettev\u00f5tetel v\u00f5imalus end turundada ja saada uusi \u00e4ripartnereid, j\u00e4rgmise sammuna tutvustatakse n\u00e4itust erinevatel innovatsiooni-, tehnoloogia- ja robootika\u00fcritustel \u00fcle Euroopa.<\/p>\n<p>Virtuaalreaalsusn\u00e4itus R4EU on samuti k\u00e4ttesaadav nii 3D prillidega kui ka ilma prillideta, kahem\u00f5\u00f5tmelises formaadis. N\u00e4ituse ajal on k\u00fclastajatele k\u00e4ttesaadavad veebilehed, videod, esitlused ja robotite 3D-mudelid, millega nad saavad tutvuda. Lisaks on selle n\u00e4ituse eesm\u00e4rk, et eri valdkondade partnerettev\u00f5tted on olemas, nii et on v\u00f5imalik luua erinevaid virtuaalseid n\u00e4ituse ruume kategooriate kaupa. N\u00e4iteks jaotada need kui &#8220;Smart city&#8221;, &#8220;haridus&#8221; ja &#8220;t\u00f6\u00f6stus&#8221;.<\/p>\n<p>Virtuaaln\u00e4itus on loodud ja arendatud koost\u00f6\u00f6s Eesti tipp\u00fclikooli TalTechi XR-keskuse spetsialistidega. N\u00e4ituse idee v\u00e4ljat\u00f6\u00f6tamise k\u00e4igus v\u00f5eti eelnevalt \u00fchendust mitmete teenusepakkujatega, et t\u00f6\u00f6tada v\u00e4lja kontseptsioonid. Erinevatel teenusepakkujatel olid erinevad visioonid ja strateegiad, kuid valitud teenusepakkujal olid ideed, mis kattusid meie visioonidega, mis sobivad h\u00e4sti projektile.<\/p>\n<p>Et saada ettekujutust n\u00e4ituse potentsiaalist ja sellest, kuidas k\u00fclastajad seda vaataksid, l\u00f5ime n\u00e4ituse algelise virtuaalse versiooni. P\u00e4rast m\u00f5ningaid muudatusi alustasime projektiga. Esimese sammuna v\u00f5tsime \u00fchendust mitmete Euroopa robootika- ja tehnoloogiaettev\u00f5ttega, kellel oli tegelik f\u00fc\u00fcsiline toode. Esialgu andsid neist positiivset tagasisidet \u00fcksikud ja m\u00f5ned neist n\u00f5ustusid tulevikus osalema.<\/p>\n<p>Kui Teil on huvi oma toode v\u00f5i ettev\u00f5te n\u00e4itusele tuua siis v\u00f5tke meiega \u00fchendust!<\/p>\n[\/vc_column_text][\/vc_column_inner][\/vc_row_inner][\/tab][tab icon_family=&#8221;iconsmind&#8221; title=&#8221;Virtuaalne n\u00e4itus&#8221; id=&#8221;1678961467878-8&#8243; tab_id=&#8221;1678961467878-8&#8243; icon_iconsmind=&#8221;iconsmind-Full-Screen2&#8243;][vc_row_inner column_margin=&#8221;default&#8221; text_align=&#8221;left&#8221;][vc_column_inner column_padding=&#8221;no-extra-padding&#8221; column_padding_position=&#8221;all&#8221; background_color_opacity=&#8221;1&#8243; background_hover_color_opacity=&#8221;1&#8243; column_shadow=&#8221;none&#8221; column_border_radius=&#8221;none&#8221; column_link_target=&#8221;_self&#8221; width=&#8221;1\/1&#8243; tablet_width_inherit=&#8221;default&#8221; overlay_strength=&#8221;0.3&#8243; column_border_width=&#8221;none&#8221; column_border_style=&#8221;solid&#8221; bg_image_animation=&#8221;none&#8221;][vc_raw_html]JTNDaWZyYW1lJTIwc3JjJTNEJTIyaHR0cHMlM0ElMkYlMkZodWJzLm1vemlsbGEuY29tJTJGVlBQU2JoWSUzRmVtYmVkX3Rva2VuJTNENjE5Y2Y0ZGU1MzU1ODQwMTFhZTk2YjU3N2U3NzY0YzAlMjIlMjBzdHlsZSUzRCUyMndpZHRoJTNBJTIwMTAyNHB4JTNCJTIwaGVpZ2h0JTNBJTIwNzY4cHglM0IlMjIlMjBhbGxvdyUzRCUyMm1pY3JvcGhvbmUlM0IlMjBjYW1lcmElM0IlMjB2ciUzQiUyMHNwZWFrZXIlM0IlMjIlM0UlM0MlMkZpZnJhbWUlM0U=[\/vc_raw_html][\/vc_column_inner][\/vc_row_inner][\/tab][\/tabbed_section][\/vc_column][\/vc_row][vc_row type=&#8221;full_width_background&#8221; full_screen_row_position=&#8221;middle&#8221; column_margin=&#8221;default&#8221; bg_image=&#8221;123&#8243; bg_position=&#8221;left top&#8221; bg_repeat=&#8221;repeat&#8221; scene_position=&#8221;center&#8221; text_color=&#8221;light&#8221; text_align=&#8221;left&#8221; top_padding=&#8221;2%&#8221; bottom_padding=&#8221;5%&#8221; overlay_strength=&#8221;0.3&#8243; enable_shape_divider=&#8221;true&#8221; shape_divider_color=&#8221;#ffffff&#8221; shape_divider_position=&#8221;bottom&#8221; bg_image_animation=&#8221;none&#8221; shape_type=&#8221;fan&#8221;][vc_column column_padding=&#8221;no-extra-padding&#8221; column_padding_position=&#8221;all&#8221; background_color_opacity=&#8221;1&#8243; background_hover_color_opacity=&#8221;1&#8243; column_link_target=&#8221;_self&#8221; column_shadow=&#8221;none&#8221; column_border_radius=&#8221;none&#8221; width=&#8221;1\/4&#8243; tablet_width_inherit=&#8221;default&#8221; tablet_text_alignment=&#8221;default&#8221; phone_text_alignment=&#8221;default&#8221; overlay_strength=&#8221;0.3&#8243; column_border_width=&#8221;none&#8221; column_border_style=&#8221;solid&#8221; bg_image_animation=&#8221;none&#8221;][\/vc_column][vc_column centered_text=&#8221;true&#8221; column_padding=&#8221;no-extra-padding&#8221; column_padding_position=&#8221;all&#8221; background_color_opacity=&#8221;1&#8243; background_hover_color_opacity=&#8221;1&#8243; column_link_target=&#8221;_self&#8221; column_shadow=&#8221;none&#8221; column_border_radius=&#8221;none&#8221; width=&#8221;1\/2&#8243; tablet_width_inherit=&#8221;default&#8221; tablet_text_alignment=&#8221;default&#8221; phone_text_alignment=&#8221;default&#8221; overlay_strength=&#8221;0.3&#8243; column_border_width=&#8221;none&#8221; column_border_style=&#8221;solid&#8221; bg_image_animation=&#8221;none&#8221;][vc_row_inner column_margin=&#8221;default&#8221; text_align=&#8221;left&#8221;][vc_column_inner column_padding=&#8221;no-extra-padding&#8221; column_padding_position=&#8221;all&#8221; background_color_opacity=&#8221;1&#8243; background_hover_color_opacity=&#8221;1&#8243; column_shadow=&#8221;none&#8221; column_border_radius=&#8221;none&#8221; column_link_target=&#8221;_self&#8221; width=&#8221;1\/1&#8243; tablet_width_inherit=&#8221;default&#8221; overlay_strength=&#8221;0.3&#8243; column_border_width=&#8221;none&#8221; column_border_style=&#8221;solid&#8221; bg_image_animation=&#8221;fade-in&#8221; enable_animation=&#8221;true&#8221; animation=&#8221;fade-in-from-left&#8221;][vc_column_text]\n<h2>\u00c4ra j\u00e4\u00e4 olulisest infost ilma ja liitu meie uudiskirjaga<\/h2>\n[\/vc_column_text][\/vc_column_inner][\/vc_row_inner][vc_row_inner column_margin=&#8221;default&#8221; text_align=&#8221;left&#8221;][vc_column_inner column_padding=&#8221;no-extra-padding&#8221; column_padding_position=&#8221;all&#8221; centered_text=&#8221;true&#8221; background_color_opacity=&#8221;1&#8243; background_hover_color_opacity=&#8221;1&#8243; column_shadow=&#8221;none&#8221; column_border_radius=&#8221;none&#8221; column_link_target=&#8221;_self&#8221; width=&#8221;1\/3&#8243; tablet_width_inherit=&#8221;default&#8221; overlay_strength=&#8221;0.3&#8243; column_border_width=&#8221;none&#8221; column_border_style=&#8221;solid&#8221; bg_image_animation=&#8221;none&#8221;][\/vc_column_inner][vc_column_inner column_padding=&#8221;no-extra-padding&#8221; column_padding_position=&#8221;all&#8221; background_color_opacity=&#8221;1&#8243; background_hover_color_opacity=&#8221;1&#8243; column_shadow=&#8221;none&#8221; column_border_radius=&#8221;none&#8221; column_link_target=&#8221;_self&#8221; width=&#8221;1\/3&#8243; tablet_width_inherit=&#8221;default&#8221; overlay_strength=&#8221;0.3&#8243; column_border_width=&#8221;none&#8221; column_border_style=&#8221;solid&#8221; bg_image_animation=&#8221;none&#8221;][nectar_btn size=&#8221;jumbo&#8221; button_style=&#8221;see-through-2&#8243; color_override=&#8221;#ffffff&#8221; hover_color_override=&#8221;#ffffff&#8221; hover_text_color_override=&#8221;#000000&#8243; icon_family=&#8221;none&#8221; el_class=&#8221;sppro-showpopup&#8221; text=&#8221;Liitu&#8221; css_animation=&#8221;pulse&#8221; margin_top=&#8221;25&#8243;][\/vc_column_inner][vc_column_inner column_padding=&#8221;no-extra-padding&#8221; column_padding_position=&#8221;all&#8221; background_color_opacity=&#8221;1&#8243; background_hover_color_opacity=&#8221;1&#8243; column_shadow=&#8221;none&#8221; column_border_radius=&#8221;none&#8221; column_link_target=&#8221;_self&#8221; width=&#8221;1\/3&#8243; tablet_width_inherit=&#8221;default&#8221; overlay_strength=&#8221;0.3&#8243; column_border_width=&#8221;none&#8221; column_border_style=&#8221;solid&#8221; bg_image_animation=&#8221;none&#8221;][\/vc_column_inner][\/vc_row_inner][\/vc_column][vc_column column_padding=&#8221;no-extra-padding&#8221; column_padding_position=&#8221;all&#8221; background_color_opacity=&#8221;1&#8243; background_hover_color_opacity=&#8221;1&#8243; column_link_target=&#8221;_self&#8221; column_shadow=&#8221;none&#8221; column_border_radius=&#8221;none&#8221; width=&#8221;1\/4&#8243; tablet_width_inherit=&#8221;default&#8221; tablet_text_alignment=&#8221;default&#8221; phone_text_alignment=&#8221;default&#8221; overlay_strength=&#8221;0.3&#8243; column_border_width=&#8221;none&#8221; column_border_style=&#8221;solid&#8221; bg_image_animation=&#8221;none&#8221;][\/vc_column][\/vc_row]\n","protected":false},"excerpt":{"rendered":"<p>[vc_row type=&#8221;full_width_content&#8221; full_screen_row_position=&#8221;middle&#8221; equal_height=&#8221;yes&#8221; column_margin=&#8221;20px&#8221; bg_image=&#8221;123&#8243; bg_position=&#8221;left top&#8221; bg_repeat=&#8221;repeat&#8221; scene_position=&#8221;center&#8221; text_color=&#8221;dark&#8221; text_align=&#8221;left&#8221; overlay_strength=&#8221;0.3&#8243; enable_shape_divider=&#8221;true&#8221; shape_divider_color=&#8221;#ffffff&#8221; shape_divider_position=&#8221;top&#8221; bg_image_animation=&#8221;none&#8221; shape_type=&#8221;fan&#8221;][vc_column column_padding=&#8221;padding-5-percent&#8221; column_padding_position=&#8221;all&#8221; background_color=&#8221;#ffffff&#8221; background_color_opacity=&#8221;1&#8243; background_hover_color_opacity=&#8221;1&#8243; column_link_target=&#8221;_self&#8221; column_shadow=&#8221;none&#8221; column_border_radius=&#8221;15px&#8221; top_margin=&#8221;5%&#8221; bottom_margin=&#8221;5%&#8221; width=&#8221;1\/1&#8243; tablet_width_inherit=&#8221;default&#8221;&#8230;<\/p>\n","protected":false},"author":1,"featured_media":0,"parent":0,"menu_order":0,"comment_status":"closed","ping_status":"closed","template":"","meta":{"footnotes":""},"class_list":["post-2100","page","type-page","status-publish"],"yoast_head":"<!-- This site is optimized with the Yoast SEO plugin v27.3 - https:\/\/yoast.com\/product\/yoast-seo-wordpress\/ -->\n<title>R4EU VR n\u00e4itus - Robotex International<\/title>\n<meta name=\"description\" content=\"Robotexil on l\u00e4bi aegade v\u00f5isteldud erinevatel aladel: joonej\u00e4rgimises, lab\u00fcrindi l\u00e4bimises, v\u00f5rkpallis, k\u00f6ieronimises, toa koristamises, jalgpallis, veerallis, rallikrossis, merep\u00e4\u00e4stes ja teistes \u00fclesannetes.\" \/>\n<meta name=\"robots\" content=\"index, follow, max-snippet:-1, max-image-preview:large, max-video-preview:-1\" \/>\n<link rel=\"canonical\" href=\"https:\/\/robotex.international\/et\/r4eu-vr\/\" \/>\n<meta property=\"og:locale\" content=\"et_EE\" \/>\n<meta property=\"og:type\" content=\"article\" \/>\n<meta property=\"og:title\" content=\"R4EU VR n\u00e4itus - Robotex International\" \/>\n<meta property=\"og:description\" content=\"Robotexil on l\u00e4bi aegade v\u00f5isteldud erinevatel aladel: joonej\u00e4rgimises, lab\u00fcrindi l\u00e4bimises, v\u00f5rkpallis, k\u00f6ieronimises, toa koristamises, jalgpallis, veerallis, rallikrossis, merep\u00e4\u00e4stes ja teistes \u00fclesannetes.\" \/>\n<meta property=\"og:url\" content=\"https:\/\/robotex.international\/r4eu-vr\/\" \/>\n<meta property=\"og:site_name\" content=\"Robotex International\" \/>\n<meta property=\"article:publisher\" content=\"https:\/\/www.facebook.com\/RobotexInternational\/\" \/>\n<meta property=\"article:modified_time\" content=\"2023-03-16T10:11:33+00:00\" \/>\n<meta name=\"twitter:card\" content=\"summary_large_image\" \/>\n<meta name=\"twitter:label1\" content=\"Est. reading time\" \/>\n\t<meta name=\"twitter:data1\" content=\"6 minutit\" \/>\n<script type=\"application\/ld+json\" class=\"yoast-schema-graph\">{\"@context\":\"https:\\\/\\\/schema.org\",\"@graph\":[{\"@type\":\"WebPage\",\"@id\":\"https:\\\/\\\/robotex.international\\\/r4eu-vr\\\/\",\"url\":\"https:\\\/\\\/robotex.international\\\/r4eu-vr\\\/\",\"name\":\"R4EU VR n\u00e4itus - Robotex International\",\"isPartOf\":{\"@id\":\"https:\\\/\\\/robotex.international\\\/et\\\/#website\"},\"datePublished\":\"2022-08-30T16:19:25+00:00\",\"dateModified\":\"2023-03-16T10:11:33+00:00\",\"description\":\"Robotexil on l\u00e4bi aegade v\u00f5isteldud erinevatel aladel: joonej\u00e4rgimises, lab\u00fcrindi l\u00e4bimises, v\u00f5rkpallis, k\u00f6ieronimises, toa koristamises, jalgpallis, veerallis, rallikrossis, merep\u00e4\u00e4stes ja teistes \u00fclesannetes.\",\"breadcrumb\":{\"@id\":\"https:\\\/\\\/robotex.international\\\/r4eu-vr\\\/#breadcrumb\"},\"inLanguage\":\"et\",\"potentialAction\":[{\"@type\":\"ReadAction\",\"target\":[\"https:\\\/\\\/robotex.international\\\/r4eu-vr\\\/\"]}]},{\"@type\":\"BreadcrumbList\",\"@id\":\"https:\\\/\\\/robotex.international\\\/r4eu-vr\\\/#breadcrumb\",\"itemListElement\":[{\"@type\":\"ListItem\",\"position\":1,\"name\":\"Home\",\"item\":\"https:\\\/\\\/robotex.international\\\/et\\\/\"},{\"@type\":\"ListItem\",\"position\":2,\"name\":\"R4EU VR n\u00e4itus\"}]},{\"@type\":\"WebSite\",\"@id\":\"https:\\\/\\\/robotex.international\\\/et\\\/#website\",\"url\":\"https:\\\/\\\/robotex.international\\\/et\\\/\",\"name\":\"Robotex International\",\"description\":\"the biggest robotics festival on the planet\",\"publisher\":{\"@id\":\"https:\\\/\\\/robotex.international\\\/et\\\/#organization\"},\"potentialAction\":[{\"@type\":\"SearchAction\",\"target\":{\"@type\":\"EntryPoint\",\"urlTemplate\":\"https:\\\/\\\/robotex.international\\\/et\\\/?s={search_term_string}\"},\"query-input\":{\"@type\":\"PropertyValueSpecification\",\"valueRequired\":true,\"valueName\":\"search_term_string\"}}],\"inLanguage\":\"et\"},{\"@type\":\"Organization\",\"@id\":\"https:\\\/\\\/robotex.international\\\/et\\\/#organization\",\"name\":\"Robotex International\",\"url\":\"https:\\\/\\\/robotex.international\\\/et\\\/\",\"logo\":{\"@type\":\"ImageObject\",\"inLanguage\":\"et\",\"@id\":\"https:\\\/\\\/robotex.international\\\/et\\\/#\\\/schema\\\/logo\\\/image\\\/\",\"url\":\"https:\\\/\\\/robotex.international\\\/wp-content\\\/uploads\\\/2020\\\/04\\\/red.png\",\"contentUrl\":\"https:\\\/\\\/robotex.international\\\/wp-content\\\/uploads\\\/2020\\\/04\\\/red.png\",\"width\":200,\"height\":63,\"caption\":\"Robotex International\"},\"image\":{\"@id\":\"https:\\\/\\\/robotex.international\\\/et\\\/#\\\/schema\\\/logo\\\/image\\\/\"},\"sameAs\":[\"https:\\\/\\\/www.facebook.com\\\/RobotexInternational\\\/\",\"https:\\\/\\\/www.instagram.com\\\/robotex.international\\\/\",\"https:\\\/\\\/www.linkedin.com\\\/company\\\/18668457\"]}]}<\/script>\n<!-- \/ Yoast SEO plugin. -->","yoast_head_json":{"title":"R4EU VR n\u00e4itus - Robotex International","description":"Robotexil on l\u00e4bi aegade v\u00f5isteldud erinevatel aladel: joonej\u00e4rgimises, lab\u00fcrindi l\u00e4bimises, v\u00f5rkpallis, k\u00f6ieronimises, toa koristamises, jalgpallis, veerallis, rallikrossis, merep\u00e4\u00e4stes ja teistes \u00fclesannetes.","robots":{"index":"index","follow":"follow","max-snippet":"max-snippet:-1","max-image-preview":"max-image-preview:large","max-video-preview":"max-video-preview:-1"},"canonical":"https:\/\/robotex.international\/et\/r4eu-vr\/","og_locale":"et_EE","og_type":"article","og_title":"R4EU VR n\u00e4itus - Robotex International","og_description":"Robotexil on l\u00e4bi aegade v\u00f5isteldud erinevatel aladel: joonej\u00e4rgimises, lab\u00fcrindi l\u00e4bimises, v\u00f5rkpallis, k\u00f6ieronimises, toa koristamises, jalgpallis, veerallis, rallikrossis, merep\u00e4\u00e4stes ja teistes \u00fclesannetes.","og_url":"https:\/\/robotex.international\/r4eu-vr\/","og_site_name":"Robotex International","article_publisher":"https:\/\/www.facebook.com\/RobotexInternational\/","article_modified_time":"2023-03-16T10:11:33+00:00","twitter_card":"summary_large_image","twitter_misc":{"Est. reading time":"6 minutit"},"schema":{"@context":"https:\/\/schema.org","@graph":[{"@type":"WebPage","@id":"https:\/\/robotex.international\/r4eu-vr\/","url":"https:\/\/robotex.international\/r4eu-vr\/","name":"R4EU VR n\u00e4itus - Robotex International","isPartOf":{"@id":"https:\/\/robotex.international\/et\/#website"},"datePublished":"2022-08-30T16:19:25+00:00","dateModified":"2023-03-16T10:11:33+00:00","description":"Robotexil on l\u00e4bi aegade v\u00f5isteldud erinevatel aladel: joonej\u00e4rgimises, lab\u00fcrindi l\u00e4bimises, v\u00f5rkpallis, k\u00f6ieronimises, toa koristamises, jalgpallis, veerallis, rallikrossis, merep\u00e4\u00e4stes ja teistes \u00fclesannetes.","breadcrumb":{"@id":"https:\/\/robotex.international\/r4eu-vr\/#breadcrumb"},"inLanguage":"et","potentialAction":[{"@type":"ReadAction","target":["https:\/\/robotex.international\/r4eu-vr\/"]}]},{"@type":"BreadcrumbList","@id":"https:\/\/robotex.international\/r4eu-vr\/#breadcrumb","itemListElement":[{"@type":"ListItem","position":1,"name":"Home","item":"https:\/\/robotex.international\/et\/"},{"@type":"ListItem","position":2,"name":"R4EU VR n\u00e4itus"}]},{"@type":"WebSite","@id":"https:\/\/robotex.international\/et\/#website","url":"https:\/\/robotex.international\/et\/","name":"Robotex International","description":"the biggest robotics festival on the planet","publisher":{"@id":"https:\/\/robotex.international\/et\/#organization"},"potentialAction":[{"@type":"SearchAction","target":{"@type":"EntryPoint","urlTemplate":"https:\/\/robotex.international\/et\/?s={search_term_string}"},"query-input":{"@type":"PropertyValueSpecification","valueRequired":true,"valueName":"search_term_string"}}],"inLanguage":"et"},{"@type":"Organization","@id":"https:\/\/robotex.international\/et\/#organization","name":"Robotex International","url":"https:\/\/robotex.international\/et\/","logo":{"@type":"ImageObject","inLanguage":"et","@id":"https:\/\/robotex.international\/et\/#\/schema\/logo\/image\/","url":"https:\/\/robotex.international\/wp-content\/uploads\/2020\/04\/red.png","contentUrl":"https:\/\/robotex.international\/wp-content\/uploads\/2020\/04\/red.png","width":200,"height":63,"caption":"Robotex International"},"image":{"@id":"https:\/\/robotex.international\/et\/#\/schema\/logo\/image\/"},"sameAs":["https:\/\/www.facebook.com\/RobotexInternational\/","https:\/\/www.instagram.com\/robotex.international\/","https:\/\/www.linkedin.com\/company\/18668457"]}]}},"_links":{"self":[{"href":"https:\/\/robotex.international\/et\/wp-json\/wp\/v2\/pages\/2100","targetHints":{"allow":["GET"]}}],"collection":[{"href":"https:\/\/robotex.international\/et\/wp-json\/wp\/v2\/pages"}],"about":[{"href":"https:\/\/robotex.international\/et\/wp-json\/wp\/v2\/types\/page"}],"author":[{"embeddable":true,"href":"https:\/\/robotex.international\/et\/wp-json\/wp\/v2\/users\/1"}],"replies":[{"embeddable":true,"href":"https:\/\/robotex.international\/et\/wp-json\/wp\/v2\/comments?post=2100"}],"version-history":[{"count":3,"href":"https:\/\/robotex.international\/et\/wp-json\/wp\/v2\/pages\/2100\/revisions"}],"predecessor-version":[{"id":2786,"href":"https:\/\/robotex.international\/et\/wp-json\/wp\/v2\/pages\/2100\/revisions\/2786"}],"wp:attachment":[{"href":"https:\/\/robotex.international\/et\/wp-json\/wp\/v2\/media?parent=2100"}],"curies":[{"name":"wp","href":"https:\/\/api.w.org\/{rel}","templated":true}]}}