{"id":2030,"date":"2022-08-19T12:48:17","date_gmt":"2022-08-19T12:48:17","guid":{"rendered":"https:\/\/robotex.international\/?page_id=2030"},"modified":"2024-07-08T04:17:56","modified_gmt":"2024-07-08T04:17:56","slug":"visit-estonia","status":"publish","type":"page","link":"https:\/\/robotex.international\/et\/visit-estonia\/","title":{"rendered":"Visit estonia"},"content":{"rendered":"[vc_row type=&#8221;full_width_content&#8221; full_screen_row_position=&#8221;middle&#8221; equal_height=&#8221;yes&#8221; column_margin=&#8221;20px&#8221; bg_image=&#8221;123&#8243; bg_position=&#8221;left top&#8221; bg_repeat=&#8221;repeat&#8221; scene_position=&#8221;center&#8221; text_color=&#8221;dark&#8221; text_align=&#8221;left&#8221; overlay_strength=&#8221;0.3&#8243; enable_shape_divider=&#8221;true&#8221; shape_divider_color=&#8221;#ffffff&#8221; shape_divider_position=&#8221;top&#8221; bg_image_animation=&#8221;none&#8221; shape_type=&#8221;fan&#8221;][vc_column column_padding=&#8221;no-extra-padding&#8221; column_padding_position=&#8221;all&#8221; background_color_opacity=&#8221;1&#8243; background_hover_color_opacity=&#8221;1&#8243; column_link_target=&#8221;_self&#8221; column_shadow=&#8221;none&#8221; column_border_radius=&#8221;15px&#8221; top_margin=&#8221;5%&#8221; bottom_margin=&#8221;5%&#8221; width=&#8221;1\/3&#8243; tablet_width_inherit=&#8221;default&#8221; tablet_text_alignment=&#8221;default&#8221; phone_text_alignment=&#8221;default&#8221; overlay_strength=&#8221;0.3&#8243; column_border_width=&#8221;none&#8221; bg_image_animation=&#8221;none&#8221;][vc_row_inner column_margin=&#8221;default&#8221; text_align=&#8221;left&#8221;][vc_column_inner column_padding=&#8221;padding-3-percent&#8221; column_padding_position=&#8221;all&#8221; background_color=&#8221;#ffffff&#8221; background_color_opacity=&#8221;1&#8243; background_hover_color_opacity=&#8221;1&#8243; column_shadow=&#8221;none&#8221; column_border_radius=&#8221;15px&#8221; column_link_target=&#8221;_self&#8221; width=&#8221;1\/1&#8243; tablet_width_inherit=&#8221;default&#8221; overlay_strength=&#8221;0.3&#8243; column_border_width=&#8221;none&#8221; column_border_style=&#8221;solid&#8221; bg_image_animation=&#8221;none&#8221;][vc_column_text]\n<h1 class=\"h2\"><span style=\"color: #ce1437;\"><span style=\"font-weight: 400;\">Reisimine Eestisse!<\/span><\/span><\/h1>\n[\/vc_column_text][\/vc_column_inner][\/vc_row_inner][vc_row_inner column_margin=&#8221;default&#8221; text_align=&#8221;left&#8221;][vc_column_inner column_padding=&#8221;padding-5-percent&#8221; column_padding_position=&#8221;all&#8221; background_color_opacity=&#8221;1&#8243; background_hover_color_opacity=&#8221;1&#8243; column_shadow=&#8221;none&#8221; column_border_radius=&#8221;none&#8221; column_link_target=&#8221;_self&#8221; width=&#8221;1\/1&#8243; tablet_width_inherit=&#8221;default&#8221; overlay_strength=&#8221;0.3&#8243; column_border_width=&#8221;none&#8221; column_border_style=&#8221;solid&#8221; bg_image_animation=&#8221;none&#8221;][image_with_animation image_url=&#8221;2001&#8243; alignment=&#8221;center&#8221; animation=&#8221;Fade In&#8221; hover_animation=&#8221;none&#8221; border_radius=&#8221;none&#8221; box_shadow=&#8221;none&#8221; image_loading=&#8221;default&#8221; max_width=&#8221;100%&#8221; max_width_mobile=&#8221;default&#8221; margin_top=&#8221;10%&#8221; margin_right=&#8221;10%&#8221; margin_bottom=&#8221;10%&#8221; margin_left=&#8221;10%&#8221;][\/vc_column_inner][\/vc_row_inner][\/vc_column][vc_column column_padding=&#8221;padding-5-percent&#8221; column_padding_position=&#8221;all&#8221; background_color=&#8221;#ffffff&#8221; background_color_opacity=&#8221;1&#8243; background_hover_color_opacity=&#8221;1&#8243; column_link_target=&#8221;_self&#8221; column_shadow=&#8221;none&#8221; column_border_radius=&#8221;15px&#8221; top_margin=&#8221;5%&#8221; bottom_margin=&#8221;5%&#8221; width=&#8221;2\/3&#8243; tablet_width_inherit=&#8221;default&#8221; tablet_text_alignment=&#8221;default&#8221; phone_text_alignment=&#8221;default&#8221; overlay_strength=&#8221;0.3&#8243; column_border_width=&#8221;none&#8221; bg_image_animation=&#8221;none&#8221;][vc_column_text]\n<h2 class=\"p\"><strong>Hotellid Tallinnas<\/strong><\/h2>\n<p><span style=\"font-weight: 400;\">Hinnakirjad kehtivad kuni \u00fcrituseni, palume broneerida l\u00e4bi lingi. Hotelli vastuv\u00f5tulett ei v\u00f5ta vastu tellimusi, k\u00f5ik tellimused tuleb sooritada allolevatelt linkidelt.<\/span><\/p>\n<p><i><span style=\"font-weight: 400;\">Pane t\u00e4hele, et muutes inimeste arvu muutuvad toat\u00fc\u00fcbid.<\/span><\/i><\/p>\n<h2 class=\"p\"><strong>Hotellid kesklinnas<\/strong><\/h2>\n<p>&nbsp;<\/p>\n<p><span style=\"font-weight: 400;\"><strong>Radisson Blu Hotel Ol\u00fcmpia 4*<\/strong> (<\/span><a href=\"https:\/\/www.google.com\/maps\/place\/Radisson+Blu+Hotel+Ol%C3%BCmpia+Tallinn\/@59.4303063,24.7556115,17z\/data=!3m1!4b1!4m8!3m7!1s0x469294a100113c13:0x30e94a8ccdb6f90a!5m2!4m1!1i2!8m2!3d59.4303063!4d24.7578002\"><span style=\"font-weight: 400;\">33 Liivalaia Street, 10118 Tallinn<\/span><\/a><span style=\"font-weight: 400;\">)<\/span><br \/>\n<span style=\"font-weight: 400;\">Broneerimine ainult sellelt lingilt:<\/span>\u00a0<a href=\"https:\/\/www.radissonhotels.com\/en-us\/booking\/room-display?checkInDate=2022-11-23&amp;checkOutDate=2022-11-26&amp;adults%5B%5D=2&amp;children%5B%5D=0&amp;searchType=pac&amp;promotionCode=ROBOTEX&amp;brandFirst=rdb&amp;hotelCode=TLLZR\"><span style=\"font-weight: 400;\">Radisson Blu Hotel Ol\u00fcmpia-ROBOTEX<\/span><\/a><\/p>\n<p><span style=\"font-weight: 400;\"><strong>Park Inn by Radisson Central<\/strong> (<\/span><a href=\"https:\/\/www.google.com\/maps\/place\/Park+Inn+by+Radisson+Central+Tallinn\/@59.4379339,24.7568431,17z\/data=!3m1!4b1!4m8!3m7!1s0x4692935e1696a49f:0xe98eb2c775af2445!5m2!4m1!1i2!8m2!3d59.437957!4d24.7612769\"><span style=\"font-weight: 400;\">7c Narva Road, 10117 Tallinn<\/span><\/a><span style=\"font-weight: 400;\">)<\/span><br \/>\n<span style=\"font-weight: 400;\">Broneerimine ainult sellelt lingilt:<\/span>\u00a0<a href=\"https:\/\/www.radissonhotels.com\/en-us\/booking\/room-display?checkInDate=2022-11-25&amp;checkOutDate=2022-11-26&amp;adults%5B%5D=2&amp;children%5B%5D=0&amp;searchType=pac&amp;promotionCode=robotex&amp;brandFirst=pii&amp;hotelCode=TLLPR\"><span style=\"font-weight: 400;\">Park Inn by Radisson Central Tallinn-ROBOTEX<\/span><\/a><\/p>\n<h2 class=\"p\"><strong>Mere \u00e4\u00e4rsed hotellid<\/strong><\/h2>\n<p><span style=\"font-weight: 400;\">Broneerimine ainult sellelt lingilt:<\/span>\u00a0<a href=\"https:\/\/booking.tallinkhotels.com\/search\/en\/hotels\/14\/checkin\/21.11.2022\/checkout\/29.11.2022\/rooms\/1\/adults\/2\/children\/0\/code\/Robotex2022\">Tallink Hotels &#8211; Robotex 2022<\/a><\/p>\n<p><b>Tallink Express Hotel 3*<\/b><span style=\"font-weight: 400;\"> (<\/span><a href=\"https:\/\/www.google.com\/maps\/place\/Sadama+9,+10111+Tallinn\/@59.4444887,24.7541201,17z\/data=!3m1!4b1!4m5!3m4!1s0x469293660d6837a7:0x518890cb434b067b!8m2!3d59.4444887!4d24.7563087\"><span style=\"font-weight: 400;\">Sadama 9, 10111 Tallinn, Estonia<\/span><\/a><span style=\"font-weight: 400;\">)<\/span><br \/>\n<b>Tallink Spa &amp; Conference Hotel 4*<\/b><span style=\"font-weight: 400;\"> (<\/span><a href=\"https:\/\/www.google.com\/maps\/place\/Sadama+11a,+10111+Tallinn\/@59.4445211,24.7541424,17z\/data=!3m1!4b1!4m5!3m4!1s0x469293660d1ed7fb:0xa85d62ace1cc8f44!8m2!3d59.4445211!4d24.7563311\"><span style=\"font-weight: 400;\">Sadama 11a, 10111 Tallinn, Estonia<\/span><\/a><span style=\"font-weight: 400;\">)\u00a0<\/span><br \/>\n<b>Tallink City Hotel 4*<\/b><span style=\"font-weight: 400;\"> (<\/span> <a href=\"https:\/\/www.google.com\/maps\/place\/A.+Laikmaa+5,+10117+Tallinn\/@59.4363992,24.7556222,17z\/data=!3m1!4b1!4m5!3m4!1s0x469293607fd3938f:0x8a81db2b5f0392fc!8m2!3d59.4363992!4d24.7578109\"><span style=\"font-weight: 400;\">A. Laikmaa 5, 10145 Tallinn, Eesti<\/span><\/a><span style=\"font-weight: 400;\">)<\/span><\/p>\n<h2 class=\"p\"><strong>K\u00f5ige l\u00e4him hotell Saku Suurhallile 500 m.<\/strong><\/h2>\n<p><span style=\"font-weight: 400;\">Roccal Mare Hotel<\/span><i><span style=\"font-weight: 400;\"> (<\/span><\/i><a href=\"https:\/\/www.google.com\/maps\/place\/Vaba%C3%B5humuuseumi+tee+11,+13522+Tallinn\/@59.4300107,24.6502491,19z\/data=!3m1!4b1!4m5!3m4!1s0x4692943e1f249c4f:0xa897305a7e927ee9!8m2!3d59.4300107!4d24.6507963\"><i><span style=\"font-weight: 400;\">Vaba\u00f5humuuseumi tee 11, 13522 Tallinn<\/span><\/i><\/a> <i><span style=\"font-weight: 400;\">) <\/span><\/i><br \/>\n<span style=\"font-weight: 400;\">Hotellitube on v\u00f5imalik n\u00e4ha siit:<\/span>\u00a0<a href=\"https:\/\/roccahotels.ee\/en\/\">https:\/\/roccahotels.ee\/en\/<\/a><br \/>\n<span style=\"font-weight: 400;\">Broneerimine on v\u00f5imalik vaid sellelt e-maililt<\/span>\u00a0<a href=\"mailto:sales@roccahotels.ee\">sales@roccahotels.ee<\/a><\/p>\n<p><span style=\"font-weight: 400;\">Standard tuba kahele<\/span> \u2013 80 eur\/\u00f6\u00f6<br \/>\n<span style=\"font-weight: 400;\">Junior Sviit kahele<\/span> \u2013 100 eur\/\u00f6\u00f6<br \/>\n<span style=\"font-weight: 400;\">Sviit kahele<\/span> \u2013 115 eur\/\u00f6\u00f6<br \/>\n<span style=\"font-weight: 400;\">Superior Sviit kahele<\/span> \u2013 125 eur\/\u00f6\u00f6<br \/>\n<em><span style=\"font-weight: 400;\">Hinnad sisaldavad hommikus\u00f6\u00f6ki, hommikul p\u00e4\u00e4smeid ujulasse, WiFi ja tasuta parkimisv\u00f5imalust.<\/span><\/em><\/p>\n<p><span style=\"font-weight: 400;\"><strong>Mida teha Tallinnas?<\/strong> Kui j\u00e4\u00e4d pikemaks ajaks pealinna, \u00e4ra karda k\u00fclastada peale meie \u00fcrituse ka vaatamisv\u00e4\u00e4rsuseid ning \u00e4ra j\u00e4\u00e4 ilma meelelahutusest, mida Tallinnas on pakkuda kuni hilistundideni. Transport ei ole takistuseks, hangi Tallinn Card.<\/span><\/p>\n<h2 class=\"p\"><strong>Mida teha ja n\u00e4ha Tallinnas?<\/strong><\/h2>\n<p><a href=\"https:\/\/www.visittallinn.ee\/eng\/visitor\/see-do\/things-to-do\/must-see\">https:\/\/www.visittallinn.ee\/eng\/visitor\/see-do\/things-to-do\/must-see<\/a><\/p>\n<p><strong>Me soovitame osta, ringi liikumiseks ning vaatamisv\u00e4\u00e4rsuste k\u00fclastamiseks. Tallinna \u00fchistranspordi kaarti<\/strong><br \/>\n<a href=\"https:\/\/www.visittallinn.ee\/est\/k%C3%BClastaja\/tallinn-card\/tallinn-card\/kuidas-tallinn-card-toimib\">https:\/\/www.visittallinn.ee\/est\/k%C3%BClastaja\/tallinn-card\/tallinn-card\/kuidas-tallinn-card-toimib<\/a><\/p>\n<p><strong>Tasuta \u00fchistransport \u00f5pilastele, kes on kuni 19 aastased k.a<\/strong><\/p>\n<p><strong>Tallinlased, \u00f5pilased (kuni 19 aastased k.a) ning 65-aastased ja vanemad isikud (reg elukoht Eesti Vabariik) saavad s\u00f5ita Tallinna \u00fchistranspordis tasuta.<\/strong><br \/>\nTasuta s\u00f5iduks tuleb toimida j\u00e4rgnevalt:<br \/>\n<a href=\"https:\/\/www.tallinn.ee\/et\/pilet\/tallinna-uhistranspordi-piletiinfo\">https:\/\/www.tallinn.ee\/et\/pilet\/tallinna-uhistranspordi-piletiinfo<\/a>[\/vc_column_text][\/vc_column][\/vc_row]\n","protected":false},"excerpt":{"rendered":"<p>[vc_row type=&#8221;full_width_content&#8221; full_screen_row_position=&#8221;middle&#8221; equal_height=&#8221;yes&#8221; column_margin=&#8221;20px&#8221; bg_image=&#8221;123&#8243; bg_position=&#8221;left top&#8221; bg_repeat=&#8221;repeat&#8221; scene_position=&#8221;center&#8221; text_color=&#8221;dark&#8221; text_align=&#8221;left&#8221; overlay_strength=&#8221;0.3&#8243; enable_shape_divider=&#8221;true&#8221; shape_divider_color=&#8221;#ffffff&#8221; shape_divider_position=&#8221;top&#8221; bg_image_animation=&#8221;none&#8221; shape_type=&#8221;fan&#8221;][vc_column column_padding=&#8221;no-extra-padding&#8221; column_padding_position=&#8221;all&#8221; background_color_opacity=&#8221;1&#8243; background_hover_color_opacity=&#8221;1&#8243; column_link_target=&#8221;_self&#8221; column_shadow=&#8221;none&#8221; column_border_radius=&#8221;15px&#8221; top_margin=&#8221;5%&#8221; bottom_margin=&#8221;5%&#8221; width=&#8221;1\/3&#8243; tablet_width_inherit=&#8221;default&#8221; tablet_text_alignment=&#8221;default&#8221;&#8230;<\/p>\n","protected":false},"author":1,"featured_media":0,"parent":0,"menu_order":0,"comment_status":"closed","ping_status":"closed","template":"","meta":{"footnotes":""},"class_list":["post-2030","page","type-page","status-publish"],"yoast_head":"<!-- This site is optimized with the Yoast SEO plugin v27.3 - https:\/\/yoast.com\/product\/yoast-seo-wordpress\/ -->\n<title>Visit estonia - Robotex International<\/title>\n<meta name=\"robots\" content=\"index, follow, max-snippet:-1, max-image-preview:large, max-video-preview:-1\" \/>\n<link rel=\"canonical\" href=\"https:\/\/robotex.international\/et\/visit-estonia\/\" \/>\n<meta property=\"og:locale\" content=\"et_EE\" \/>\n<meta property=\"og:type\" content=\"article\" \/>\n<meta property=\"og:title\" content=\"Visit estonia - Robotex International\" \/>\n<meta property=\"og:description\" content=\"[vc_row type=&#8221;full_width_content&#8221; full_screen_row_position=&#8221;middle&#8221; equal_height=&#8221;yes&#8221; column_margin=&#8221;20px&#8221; bg_image=&#8221;123&#8243; bg_position=&#8221;left top&#8221; bg_repeat=&#8221;repeat&#8221; scene_position=&#8221;center&#8221; text_color=&#8221;dark&#8221; text_align=&#8221;left&#8221; overlay_strength=&#8221;0.3&#8243; enable_shape_divider=&#8221;true&#8221; shape_divider_color=&#8221;#ffffff&#8221; shape_divider_position=&#8221;top&#8221; bg_image_animation=&#8221;none&#8221; shape_type=&#8221;fan&#8221;][vc_column column_padding=&#8221;no-extra-padding&#8221; column_padding_position=&#8221;all&#8221; background_color_opacity=&#8221;1&#8243; background_hover_color_opacity=&#8221;1&#8243; column_link_target=&#8221;_self&#8221; column_shadow=&#8221;none&#8221; column_border_radius=&#8221;15px&#8221; top_margin=&#8221;5%&#8221; bottom_margin=&#8221;5%&#8221; width=&#8221;1\/3&#8243; tablet_width_inherit=&#8221;default&#8221; tablet_text_alignment=&#8221;default&#8221;...\" \/>\n<meta property=\"og:url\" content=\"https:\/\/robotex.international\/visit-estonia\/\" \/>\n<meta property=\"og:site_name\" content=\"Robotex International\" \/>\n<meta property=\"article:publisher\" content=\"https:\/\/www.facebook.com\/RobotexInternational\/\" \/>\n<meta property=\"article:modified_time\" content=\"2024-07-08T04:17:56+00:00\" \/>\n<meta name=\"twitter:card\" content=\"summary_large_image\" \/>\n<meta name=\"twitter:label1\" content=\"Est. reading time\" \/>\n\t<meta name=\"twitter:data1\" content=\"3 minutit\" \/>\n<script type=\"application\/ld+json\" class=\"yoast-schema-graph\">{\"@context\":\"https:\\\/\\\/schema.org\",\"@graph\":[{\"@type\":\"WebPage\",\"@id\":\"https:\\\/\\\/robotex.international\\\/visit-estonia\\\/\",\"url\":\"https:\\\/\\\/robotex.international\\\/visit-estonia\\\/\",\"name\":\"Visit estonia - Robotex International\",\"isPartOf\":{\"@id\":\"https:\\\/\\\/robotex.international\\\/et\\\/#website\"},\"datePublished\":\"2022-08-19T12:48:17+00:00\",\"dateModified\":\"2024-07-08T04:17:56+00:00\",\"breadcrumb\":{\"@id\":\"https:\\\/\\\/robotex.international\\\/visit-estonia\\\/#breadcrumb\"},\"inLanguage\":\"et\",\"potentialAction\":[{\"@type\":\"ReadAction\",\"target\":[\"https:\\\/\\\/robotex.international\\\/visit-estonia\\\/\"]}]},{\"@type\":\"BreadcrumbList\",\"@id\":\"https:\\\/\\\/robotex.international\\\/visit-estonia\\\/#breadcrumb\",\"itemListElement\":[{\"@type\":\"ListItem\",\"position\":1,\"name\":\"Home\",\"item\":\"https:\\\/\\\/robotex.international\\\/et\\\/\"},{\"@type\":\"ListItem\",\"position\":2,\"name\":\"Visit estonia\"}]},{\"@type\":\"WebSite\",\"@id\":\"https:\\\/\\\/robotex.international\\\/et\\\/#website\",\"url\":\"https:\\\/\\\/robotex.international\\\/et\\\/\",\"name\":\"Robotex International\",\"description\":\"the biggest robotics festival on the planet\",\"publisher\":{\"@id\":\"https:\\\/\\\/robotex.international\\\/et\\\/#organization\"},\"potentialAction\":[{\"@type\":\"SearchAction\",\"target\":{\"@type\":\"EntryPoint\",\"urlTemplate\":\"https:\\\/\\\/robotex.international\\\/et\\\/?s={search_term_string}\"},\"query-input\":{\"@type\":\"PropertyValueSpecification\",\"valueRequired\":true,\"valueName\":\"search_term_string\"}}],\"inLanguage\":\"et\"},{\"@type\":\"Organization\",\"@id\":\"https:\\\/\\\/robotex.international\\\/et\\\/#organization\",\"name\":\"Robotex International\",\"url\":\"https:\\\/\\\/robotex.international\\\/et\\\/\",\"logo\":{\"@type\":\"ImageObject\",\"inLanguage\":\"et\",\"@id\":\"https:\\\/\\\/robotex.international\\\/et\\\/#\\\/schema\\\/logo\\\/image\\\/\",\"url\":\"https:\\\/\\\/robotex.international\\\/wp-content\\\/uploads\\\/2020\\\/04\\\/red.png\",\"contentUrl\":\"https:\\\/\\\/robotex.international\\\/wp-content\\\/uploads\\\/2020\\\/04\\\/red.png\",\"width\":200,\"height\":63,\"caption\":\"Robotex International\"},\"image\":{\"@id\":\"https:\\\/\\\/robotex.international\\\/et\\\/#\\\/schema\\\/logo\\\/image\\\/\"},\"sameAs\":[\"https:\\\/\\\/www.facebook.com\\\/RobotexInternational\\\/\",\"https:\\\/\\\/www.instagram.com\\\/robotex.international\\\/\",\"https:\\\/\\\/www.linkedin.com\\\/company\\\/18668457\"]}]}<\/script>\n<!-- \/ Yoast SEO plugin. -->","yoast_head_json":{"title":"Visit estonia - Robotex International","robots":{"index":"index","follow":"follow","max-snippet":"max-snippet:-1","max-image-preview":"max-image-preview:large","max-video-preview":"max-video-preview:-1"},"canonical":"https:\/\/robotex.international\/et\/visit-estonia\/","og_locale":"et_EE","og_type":"article","og_title":"Visit estonia - Robotex International","og_description":"[vc_row type=&#8221;full_width_content&#8221; full_screen_row_position=&#8221;middle&#8221; equal_height=&#8221;yes&#8221; column_margin=&#8221;20px&#8221; bg_image=&#8221;123&#8243; bg_position=&#8221;left top&#8221; bg_repeat=&#8221;repeat&#8221; scene_position=&#8221;center&#8221; text_color=&#8221;dark&#8221; text_align=&#8221;left&#8221; overlay_strength=&#8221;0.3&#8243; enable_shape_divider=&#8221;true&#8221; shape_divider_color=&#8221;#ffffff&#8221; shape_divider_position=&#8221;top&#8221; bg_image_animation=&#8221;none&#8221; shape_type=&#8221;fan&#8221;][vc_column column_padding=&#8221;no-extra-padding&#8221; column_padding_position=&#8221;all&#8221; background_color_opacity=&#8221;1&#8243; background_hover_color_opacity=&#8221;1&#8243; column_link_target=&#8221;_self&#8221; column_shadow=&#8221;none&#8221; column_border_radius=&#8221;15px&#8221; top_margin=&#8221;5%&#8221; bottom_margin=&#8221;5%&#8221; width=&#8221;1\/3&#8243; tablet_width_inherit=&#8221;default&#8221; tablet_text_alignment=&#8221;default&#8221;...","og_url":"https:\/\/robotex.international\/visit-estonia\/","og_site_name":"Robotex International","article_publisher":"https:\/\/www.facebook.com\/RobotexInternational\/","article_modified_time":"2024-07-08T04:17:56+00:00","twitter_card":"summary_large_image","twitter_misc":{"Est. reading time":"3 minutit"},"schema":{"@context":"https:\/\/schema.org","@graph":[{"@type":"WebPage","@id":"https:\/\/robotex.international\/visit-estonia\/","url":"https:\/\/robotex.international\/visit-estonia\/","name":"Visit estonia - Robotex International","isPartOf":{"@id":"https:\/\/robotex.international\/et\/#website"},"datePublished":"2022-08-19T12:48:17+00:00","dateModified":"2024-07-08T04:17:56+00:00","breadcrumb":{"@id":"https:\/\/robotex.international\/visit-estonia\/#breadcrumb"},"inLanguage":"et","potentialAction":[{"@type":"ReadAction","target":["https:\/\/robotex.international\/visit-estonia\/"]}]},{"@type":"BreadcrumbList","@id":"https:\/\/robotex.international\/visit-estonia\/#breadcrumb","itemListElement":[{"@type":"ListItem","position":1,"name":"Home","item":"https:\/\/robotex.international\/et\/"},{"@type":"ListItem","position":2,"name":"Visit estonia"}]},{"@type":"WebSite","@id":"https:\/\/robotex.international\/et\/#website","url":"https:\/\/robotex.international\/et\/","name":"Robotex International","description":"the biggest robotics festival on the planet","publisher":{"@id":"https:\/\/robotex.international\/et\/#organization"},"potentialAction":[{"@type":"SearchAction","target":{"@type":"EntryPoint","urlTemplate":"https:\/\/robotex.international\/et\/?s={search_term_string}"},"query-input":{"@type":"PropertyValueSpecification","valueRequired":true,"valueName":"search_term_string"}}],"inLanguage":"et"},{"@type":"Organization","@id":"https:\/\/robotex.international\/et\/#organization","name":"Robotex International","url":"https:\/\/robotex.international\/et\/","logo":{"@type":"ImageObject","inLanguage":"et","@id":"https:\/\/robotex.international\/et\/#\/schema\/logo\/image\/","url":"https:\/\/robotex.international\/wp-content\/uploads\/2020\/04\/red.png","contentUrl":"https:\/\/robotex.international\/wp-content\/uploads\/2020\/04\/red.png","width":200,"height":63,"caption":"Robotex International"},"image":{"@id":"https:\/\/robotex.international\/et\/#\/schema\/logo\/image\/"},"sameAs":["https:\/\/www.facebook.com\/RobotexInternational\/","https:\/\/www.instagram.com\/robotex.international\/","https:\/\/www.linkedin.com\/company\/18668457"]}]}},"_links":{"self":[{"href":"https:\/\/robotex.international\/et\/wp-json\/wp\/v2\/pages\/2030","targetHints":{"allow":["GET"]}}],"collection":[{"href":"https:\/\/robotex.international\/et\/wp-json\/wp\/v2\/pages"}],"about":[{"href":"https:\/\/robotex.international\/et\/wp-json\/wp\/v2\/types\/page"}],"author":[{"embeddable":true,"href":"https:\/\/robotex.international\/et\/wp-json\/wp\/v2\/users\/1"}],"replies":[{"embeddable":true,"href":"https:\/\/robotex.international\/et\/wp-json\/wp\/v2\/comments?post=2030"}],"version-history":[{"count":10,"href":"https:\/\/robotex.international\/et\/wp-json\/wp\/v2\/pages\/2030\/revisions"}],"predecessor-version":[{"id":2092,"href":"https:\/\/robotex.international\/et\/wp-json\/wp\/v2\/pages\/2030\/revisions\/2092"}],"wp:attachment":[{"href":"https:\/\/robotex.international\/et\/wp-json\/wp\/v2\/media?parent=2030"}],"curies":[{"name":"wp","href":"https:\/\/api.w.org\/{rel}","templated":true}]}}