{"id":1112,"date":"2021-08-30T12:03:12","date_gmt":"2021-08-30T12:03:12","guid":{"rendered":"https:\/\/robotex.international\/?page_id=1112"},"modified":"2026-02-16T12:39:05","modified_gmt":"2026-02-16T12:39:05","slug":"joonejargimine-takistusega","status":"publish","type":"page","link":"https:\/\/robotex.international\/et\/joonejargimine-takistusega\/","title":{"rendered":"Takistustega Joonej\u00e4rgimine"},"content":{"rendered":"[vc_row type=&#8221;full_width_content&#8221; full_screen_row_position=&#8221;middle&#8221; equal_height=&#8221;yes&#8221; column_margin=&#8221;20px&#8221; bg_image=&#8221;123&#8243; bg_position=&#8221;left top&#8221; bg_repeat=&#8221;repeat&#8221; scene_position=&#8221;center&#8221; text_color=&#8221;dark&#8221; text_align=&#8221;left&#8221; overlay_strength=&#8221;0.3&#8243; enable_shape_divider=&#8221;true&#8221; shape_divider_color=&#8221;#ffffff&#8221; shape_divider_position=&#8221;top&#8221; bg_image_animation=&#8221;none&#8221; shape_type=&#8221;fan&#8221;][vc_column column_padding=&#8221;padding-5-percent&#8221; column_padding_position=&#8221;all&#8221; background_color=&#8221;#ffffff&#8221; background_color_opacity=&#8221;1&#8243; background_hover_color_opacity=&#8221;1&#8243; column_link_target=&#8221;_self&#8221; column_shadow=&#8221;none&#8221; column_border_radius=&#8221;15px&#8221; top_margin=&#8221;5%&#8221; bottom_margin=&#8221;5%&#8221; width=&#8221;1\/1&#8243; tablet_width_inherit=&#8221;default&#8221; tablet_text_alignment=&#8221;default&#8221; phone_text_alignment=&#8221;default&#8221; overlay_strength=&#8221;0.3&#8243; column_border_width=&#8221;none&#8221; bg_image_animation=&#8221;none&#8221;][vc_row_inner column_margin=&#8221;default&#8221; text_align=&#8221;left&#8221;][vc_column_inner column_padding=&#8221;padding-5-percent&#8221; column_padding_position=&#8221;right&#8221; background_color_opacity=&#8221;1&#8243; background_hover_color_opacity=&#8221;1&#8243; column_shadow=&#8221;none&#8221; column_border_radius=&#8221;none&#8221; column_link_target=&#8221;_self&#8221; width=&#8221;3\/5&#8243; tablet_width_inherit=&#8221;default&#8221; overlay_strength=&#8221;0.3&#8243; column_border_width=&#8221;none&#8221; column_border_style=&#8221;solid&#8221; bg_image_animation=&#8221;none&#8221;][vc_column_text css=&#8221;.vc_custom_1693383101783{padding-bottom: 5% !important;}&#8221;]\n<h1><span style=\"color: #ce1437;\"><b>Takistustega Joonej\u00e4rgimine<\/b><\/span><\/h1>\n[\/vc_column_text][vc_column_text]<span style=\"font-weight: 400; color: #cc1437;\">Joonej\u00e4rgimisv\u00f5istlusel on robotite \u00fclesandeks l\u00e4bida v\u00f5imalikult kiiresti v\u00e4ljakule musta joonega maha m\u00e4rgitud rada. Rajal on takistused.<\/span><\/p>\n<ul>\n<li style=\"font-weight: 400;\" aria-level=\"1\"><span style=\"font-weight: 400; color: #cc1437;\">V\u00f5istlusele saab registreeruda maksimaalselt <strong>5 liiget + 2 mentorit v\u00f5istkonna kohta<\/strong>;<\/span><\/li>\n<li style=\"font-weight: 400;\" aria-level=\"1\"><span style=\"font-weight: 400; color: #cc1437;\">V\u00f5istluse eesm\u00e4rk on rada l\u00e4bida v\u00f5imalikult kiirelt;<\/span><\/li>\n<li style=\"font-weight: 400;\" aria-level=\"1\"><span style=\"font-weight: 400; color: #cc1437;\">Joon laius on 15 mm.<\/span><\/li>\n<li style=\"font-weight: 400;\" aria-level=\"1\"><span style=\"font-weight: 400; color: #cc1437;\">Maksimaalne roboti suurus on 30 x 30 x 30 cm ning maksimaalne kaal 3kg.<\/span><\/li>\n<li style=\"font-weight: 400;\" aria-level=\"1\"><span style=\"font-weight: 400; color: #cc1437;\">Rajal on kurvid, 90\u00b0nurgad, ristmikud, joone katkestused, kiiged, m\u00e4ed, joone laiendused v\u00f5i kitsendused ning rajas\u00f5lmed;<\/span><\/li>\n<li style=\"font-weight: 400;\" aria-level=\"1\"><span style=\"font-weight: 400; color: #cc1437;\">Robotid peavad s\u00f5itma autonoomselt.<\/span><\/li>\n<\/ul>\n[\/vc_column_text][vc_column_text el_class=&#8221;hidden&#8221;]<span style=\"color: #cc1437;\"><b>Registreerumine v\u00f5istlustele on avatud kuni 24.11.2024<\/b><\/span><\/p>\n<ul>\n<li><span style=\"color: #cc1437;\"><b>Kuni 13. oktoobrini on registreerumise tasu 50\u20ac + KM<\/b><\/span><\/li>\n<li><span style=\"color: #cc1437;\"><b>Alates 14. oktoobrist on hind 100\u20ac + KM<\/b><\/span><\/li>\n<\/ul>\n[\/vc_column_text][vc_column_text]<span style=\"color: #cc1437;\"><b>Registreerimisinfo tuleb peagi<\/b><\/span>[\/vc_column_text][vc_column_text]<span style=\"color: #cc1437;\"><b>Robotex Takistusega Joonej\u00e4rgimine v\u00f5istlus toimub \u00fches vanuser\u00fchmas:<\/b><\/span><\/p>\n<ul>\n<li><span style=\"color: #cc1437;\"><b>AVATUD \u2013 Avatud kategooria ilma vanusepiiranguta.<\/b><\/span><\/li>\n<\/ul>\n[\/vc_column_text][vc_gallery type=&#8221;image_grid&#8221; images=&#8221;1113,1115&#8243; layout=&#8221;2&#8243; masonry_style=&#8221;true&#8221; item_spacing=&#8221;default&#8221; gallery_style=&#8221;7&#8243; load_in_animation=&#8221;none&#8221; el_class=&#8221;presentation&#8221;][\/vc_column_inner][vc_column_inner column_padding=&#8221;padding-5-percent&#8221; column_padding_position=&#8221;all&#8221; centered_text=&#8221;true&#8221; background_color_opacity=&#8221;1&#8243; background_hover_color_opacity=&#8221;1&#8243; column_shadow=&#8221;small_depth&#8221; column_border_radius=&#8221;15px&#8221; column_link_target=&#8221;_self&#8221; width=&#8221;2\/5&#8243; tablet_width_inherit=&#8221;default&#8221; overlay_strength=&#8221;0.3&#8243; column_border_width=&#8221;none&#8221; column_border_color=&#8221;#cc1437&#8243; column_border_style=&#8221;solid&#8221; bg_image_animation=&#8221;none&#8221;][vc_column_text css=&#8221;.vc_custom_1770794784638{padding-top: 5% !important;padding-bottom: 5% !important;}&#8221;]<span style=\"font-size: 12pt; color: #cc1437;\">Eesti keelsed reeglid tulekul septembri alguses!<\/span>[\/vc_column_text][nectar_btn size=&#8221;jumbo&#8221; open_new_tab=&#8221;true&#8221; button_style=&#8221;regular&#8221; button_color_2=&#8221;Accent-Color&#8221; icon_family=&#8221;none&#8221; el_class=&#8221;hidden&#8221; text=&#8221;REEGLID&#8221; url=&#8221;https:\/\/robotex.international\/wp-content\/uploads\/2024\/07\/Joonejargimine-takistustega-2024-EST.pdf&#8221; margin_right=&#8221;15&#8243;][nectar_btn size=&#8221;jumbo&#8221; open_new_tab=&#8221;true&#8221; button_style=&#8221;regular&#8221; button_color_2=&#8221;Accent-Color&#8221; icon_family=&#8221;none&#8221; text=&#8221;REGISTREERU&#8221; url=&#8221;https:\/\/game.robotex.ee\/&#8221;][nectar_btn size=&#8221;jumbo&#8221; open_new_tab=&#8221;true&#8221; button_style=&#8221;regular&#8221; button_color_2=&#8221;Accent-Color&#8221; icon_family=&#8221;none&#8221; text=&#8221;Tekkis k\u00fcsimus? Tahaksid v\u00f5istluse teemadel arutleda?&#8221; url=&#8221;https:\/\/robotex.ee\/foorum\/joonejargimine-takistustega\/&#8221;][vc_column_text css=&#8221;.vc_custom_1770794802428{padding-top: 5% !important;padding-bottom: 5% !important;}&#8221;]\n<h2 style=\"color: #cc1437;\">Hakka Robotex International Seoul 2026 v\u00f5istluse sponsoriks<\/h2>\n[\/vc_column_text][vc_column_text css=&#8221;.vc_custom_1697515588944{padding-top: 5% !important;padding-bottom: 5% !important;}&#8221;]<span style=\"font-size: 12pt; color: #cc1437;\">Kontakt: <strong><a href=\"mailto:info@robotex.ee\">info@robotex.ee<\/a><\/strong> v\u00f5i t\u00e4ida allolev vorm:<\/span>[\/vc_column_text]\n<div class=\"wpcf7 no-js\" id=\"wpcf7-f803-o1\" lang=\"en-US\" dir=\"ltr\" data-wpcf7-id=\"803\">\n<div class=\"screen-reader-response\"><p role=\"status\" aria-live=\"polite\" aria-atomic=\"true\"><\/p> <ul><\/ul><\/div>\n<form action=\"\/et\/wp-json\/wp\/v2\/pages\/1112#wpcf7-f803-o1\" method=\"post\" class=\"wpcf7-form init\" aria-label=\"Contact form\" novalidate=\"novalidate\" data-status=\"init\">\n<fieldset class=\"hidden-fields-container\"><input type=\"hidden\" name=\"_wpcf7\" value=\"803\" \/><input type=\"hidden\" name=\"_wpcf7_version\" value=\"6.1.5\" \/><input type=\"hidden\" name=\"_wpcf7_locale\" value=\"en_US\" \/><input type=\"hidden\" name=\"_wpcf7_unit_tag\" value=\"wpcf7-f803-o1\" \/><input type=\"hidden\" name=\"_wpcf7_container_post\" value=\"0\" \/><input type=\"hidden\" name=\"_wpcf7_posted_data_hash\" value=\"\" \/><input type=\"hidden\" name=\"_wpcf7_recaptcha_response\" value=\"\" \/>\n<\/fieldset>\n<p><label> Teie nimi (kohustuslik)<span class=\"wpcf7-form-control-wrap\" data-name=\"your-name\"><input size=\"40\" maxlength=\"400\" class=\"wpcf7-form-control wpcf7-text wpcf7-validates-as-required\" aria-required=\"true\" aria-invalid=\"false\" value=\"\" type=\"text\" name=\"your-name\" \/><\/span> <\/label><br \/>\n<label> Teie e-mail (kohustuslik) <span class=\"wpcf7-form-control-wrap\" data-name=\"your-email\"><input size=\"40\" maxlength=\"400\" class=\"wpcf7-form-control wpcf7-email wpcf7-validates-as-required wpcf7-text wpcf7-validates-as-email\" aria-required=\"true\" aria-invalid=\"false\" value=\"\" type=\"email\" name=\"your-email\" \/><\/span><\/label><br \/>\n<label> Teie s\u00f5num <span class=\"wpcf7-form-control-wrap\" data-name=\"your-message\"><textarea cols=\"40\" rows=\"10\" maxlength=\"2000\" class=\"wpcf7-form-control wpcf7-textarea\" aria-invalid=\"false\" name=\"your-message\"><\/textarea><\/span><\/label><br \/>\n<span id=\"wpcf7-6a01ec1f2a6bf-wrapper\" class=\"wpcf7-form-control-wrap honeypot-252-wrap\" style=\"display:none !important; visibility:hidden !important;\"><label for=\"gewr5\" class=\"hp-message\">Please leave this field empty.<\/label><input id=\"gewr5\"  class=\"wpcf7-form-control wpcf7-text\" type=\"text\" name=\"honeypot-252\" value=\"\" size=\"40\" tabindex=\"-1\" autocomplete=\"new-password\" \/><\/span><span id=\"wpcf7-6a01ec1f2a6ff-wrapper\" class=\"wpcf7-form-control-wrap honeypot-252-wrap\" style=\"display:none !important; visibility:hidden !important;\"><label for=\"35yh\" class=\"hp-message\">Please leave this field empty.<\/label><input id=\"35yh\"  class=\"wpcf7-form-control wpcf7-text\" type=\"text\" name=\"honeypot-252\" value=\"\" size=\"40\" tabindex=\"-1\" autocomplete=\"new-password\" \/><\/span><br \/>\n<input class=\"wpcf7-form-control wpcf7-submit has-spinner\" type=\"submit\" value=\"Saada\" \/>\n<\/p><p style=\"display: none !important;\" class=\"akismet-fields-container\" data-prefix=\"_wpcf7_ak_\"><label>&#916;<textarea name=\"_wpcf7_ak_hp_textarea\" cols=\"45\" rows=\"8\" maxlength=\"100\"><\/textarea><\/label><input type=\"hidden\" id=\"ak_js_1\" name=\"_wpcf7_ak_js\" value=\"195\"\/><script type=\"text\/javascript\">\n\/* <![CDATA[ *\/\ndocument.getElementById( \"ak_js_1\" ).setAttribute( \"value\", ( new Date() ).getTime() );\n\/* ]]> *\/\n<\/script>\n<\/p><input type='hidden' class='wpcf7-pum' value='{\"closepopup\":false,\"closedelay\":0,\"openpopup\":false,\"openpopup_id\":0}' \/><div class=\"wpcf7-response-output\" aria-hidden=\"true\"><\/div>\n<\/form>\n<\/div>\n[\/vc_column_inner][\/vc_row_inner][\/vc_column][\/vc_row][vc_row type=&#8221;full_width_background&#8221; full_screen_row_position=&#8221;middle&#8221; column_margin=&#8221;default&#8221; bg_image=&#8221;123&#8243; bg_position=&#8221;left top&#8221; bg_repeat=&#8221;repeat&#8221; scene_position=&#8221;center&#8221; text_color=&#8221;light&#8221; text_align=&#8221;left&#8221; top_padding=&#8221;2%&#8221; bottom_padding=&#8221;5%&#8221; overlay_strength=&#8221;0.3&#8243; enable_shape_divider=&#8221;true&#8221; shape_divider_color=&#8221;#ffffff&#8221; shape_divider_position=&#8221;bottom&#8221; bg_image_animation=&#8221;none&#8221; shape_type=&#8221;fan&#8221;][vc_column column_padding=&#8221;no-extra-padding&#8221; column_padding_position=&#8221;all&#8221; background_color_opacity=&#8221;1&#8243; background_hover_color_opacity=&#8221;1&#8243; column_link_target=&#8221;_self&#8221; column_shadow=&#8221;none&#8221; column_border_radius=&#8221;none&#8221; width=&#8221;1\/4&#8243; tablet_width_inherit=&#8221;default&#8221; tablet_text_alignment=&#8221;default&#8221; phone_text_alignment=&#8221;default&#8221; overlay_strength=&#8221;0.3&#8243; column_border_width=&#8221;none&#8221; column_border_style=&#8221;solid&#8221; bg_image_animation=&#8221;none&#8221;][\/vc_column][vc_column centered_text=&#8221;true&#8221; column_padding=&#8221;no-extra-padding&#8221; column_padding_position=&#8221;all&#8221; background_color_opacity=&#8221;1&#8243; background_hover_color_opacity=&#8221;1&#8243; column_link_target=&#8221;_self&#8221; column_shadow=&#8221;none&#8221; column_border_radius=&#8221;none&#8221; width=&#8221;1\/2&#8243; tablet_width_inherit=&#8221;default&#8221; tablet_text_alignment=&#8221;default&#8221; phone_text_alignment=&#8221;default&#8221; overlay_strength=&#8221;0.3&#8243; column_border_width=&#8221;none&#8221; column_border_style=&#8221;solid&#8221; bg_image_animation=&#8221;none&#8221;][vc_row_inner column_margin=&#8221;default&#8221; text_align=&#8221;left&#8221;][vc_column_inner column_padding=&#8221;no-extra-padding&#8221; column_padding_position=&#8221;all&#8221; background_color_opacity=&#8221;1&#8243; background_hover_color_opacity=&#8221;1&#8243; column_shadow=&#8221;none&#8221; column_border_radius=&#8221;none&#8221; column_link_target=&#8221;_self&#8221; width=&#8221;1\/1&#8243; tablet_width_inherit=&#8221;default&#8221; overlay_strength=&#8221;0.3&#8243; column_border_width=&#8221;none&#8221; column_border_style=&#8221;solid&#8221; bg_image_animation=&#8221;fade-in&#8221; enable_animation=&#8221;true&#8221; animation=&#8221;fade-in-from-left&#8221;][vc_column_text]\n<h2>\u00c4ra j\u00e4\u00e4 olulisest infost ilma ja liitu meie uudiskirjaga<\/h2>\n[\/vc_column_text][\/vc_column_inner][\/vc_row_inner][vc_row_inner column_margin=&#8221;default&#8221; text_align=&#8221;left&#8221;][vc_column_inner column_padding=&#8221;no-extra-padding&#8221; column_padding_position=&#8221;all&#8221; centered_text=&#8221;true&#8221; background_color_opacity=&#8221;1&#8243; background_hover_color_opacity=&#8221;1&#8243; column_shadow=&#8221;none&#8221; column_border_radius=&#8221;none&#8221; column_link_target=&#8221;_self&#8221; width=&#8221;1\/3&#8243; tablet_width_inherit=&#8221;default&#8221; overlay_strength=&#8221;0.3&#8243; column_border_width=&#8221;none&#8221; column_border_style=&#8221;solid&#8221; bg_image_animation=&#8221;none&#8221;][\/vc_column_inner][vc_column_inner column_padding=&#8221;no-extra-padding&#8221; column_padding_position=&#8221;all&#8221; background_color_opacity=&#8221;1&#8243; background_hover_color_opacity=&#8221;1&#8243; column_shadow=&#8221;none&#8221; column_border_radius=&#8221;none&#8221; column_link_target=&#8221;_self&#8221; width=&#8221;1\/3&#8243; tablet_width_inherit=&#8221;default&#8221; overlay_strength=&#8221;0.3&#8243; column_border_width=&#8221;none&#8221; column_border_style=&#8221;solid&#8221; bg_image_animation=&#8221;none&#8221;][nectar_btn size=&#8221;jumbo&#8221; button_style=&#8221;see-through-2&#8243; color_override=&#8221;#ffffff&#8221; hover_color_override=&#8221;#ffffff&#8221; hover_text_color_override=&#8221;#000000&#8243; icon_family=&#8221;none&#8221; el_class=&#8221;sppro-showpopup&#8221; text=&#8221;Liitu&#8221; css_animation=&#8221;pulse&#8221; margin_top=&#8221;25&#8243;][\/vc_column_inner][vc_column_inner column_padding=&#8221;no-extra-padding&#8221; column_padding_position=&#8221;all&#8221; background_color_opacity=&#8221;1&#8243; background_hover_color_opacity=&#8221;1&#8243; column_shadow=&#8221;none&#8221; column_border_radius=&#8221;none&#8221; column_link_target=&#8221;_self&#8221; width=&#8221;1\/3&#8243; tablet_width_inherit=&#8221;default&#8221; overlay_strength=&#8221;0.3&#8243; column_border_width=&#8221;none&#8221; column_border_style=&#8221;solid&#8221; bg_image_animation=&#8221;none&#8221;][\/vc_column_inner][\/vc_row_inner][\/vc_column][vc_column column_padding=&#8221;no-extra-padding&#8221; column_padding_position=&#8221;all&#8221; background_color_opacity=&#8221;1&#8243; background_hover_color_opacity=&#8221;1&#8243; column_link_target=&#8221;_self&#8221; column_shadow=&#8221;none&#8221; column_border_radius=&#8221;none&#8221; width=&#8221;1\/4&#8243; tablet_width_inherit=&#8221;default&#8221; tablet_text_alignment=&#8221;default&#8221; phone_text_alignment=&#8221;default&#8221; overlay_strength=&#8221;0.3&#8243; column_border_width=&#8221;none&#8221; column_border_style=&#8221;solid&#8221; bg_image_animation=&#8221;none&#8221;][\/vc_column][\/vc_row]\n","protected":false},"excerpt":{"rendered":"<p>[vc_row type=&#8221;full_width_content&#8221; full_screen_row_position=&#8221;middle&#8221; equal_height=&#8221;yes&#8221; column_margin=&#8221;20px&#8221; bg_image=&#8221;123&#8243; bg_position=&#8221;left top&#8221; bg_repeat=&#8221;repeat&#8221; scene_position=&#8221;center&#8221; text_color=&#8221;dark&#8221; text_align=&#8221;left&#8221; overlay_strength=&#8221;0.3&#8243; enable_shape_divider=&#8221;true&#8221; shape_divider_color=&#8221;#ffffff&#8221; shape_divider_position=&#8221;top&#8221; bg_image_animation=&#8221;none&#8221; shape_type=&#8221;fan&#8221;][vc_column column_padding=&#8221;padding-5-percent&#8221; column_padding_position=&#8221;all&#8221; background_color=&#8221;#ffffff&#8221; background_color_opacity=&#8221;1&#8243; background_hover_color_opacity=&#8221;1&#8243; column_link_target=&#8221;_self&#8221; column_shadow=&#8221;none&#8221; column_border_radius=&#8221;15px&#8221; top_margin=&#8221;5%&#8221; bottom_margin=&#8221;5%&#8221; width=&#8221;1\/1&#8243; tablet_width_inherit=&#8221;default&#8221;&#8230;<\/p>\n","protected":false},"author":1,"featured_media":0,"parent":0,"menu_order":0,"comment_status":"closed","ping_status":"closed","template":"","meta":{"footnotes":""},"class_list":["post-1112","page","type-page","status-publish"],"yoast_head":"<!-- This site is optimized with the Yoast SEO plugin v27.5 - https:\/\/yoast.com\/product\/yoast-seo-wordpress\/ -->\n<title>Takistustega Joonej\u00e4rgimine - Robotex International<\/title>\n<meta name=\"description\" content=\"Robotex International is the greatest robotics competition on the Planet that for the first time was held in 2001 at Taltech Assembly Hall. Over the years, competitions have been held in various fields: line following, labyrinth passing, volleyball, rope climbing, room cleaning, football, sea rescue mission, and other tasks\" \/>\n<meta name=\"robots\" content=\"index, follow, max-snippet:-1, max-image-preview:large, max-video-preview:-1\" \/>\n<link rel=\"canonical\" href=\"https:\/\/robotex.international\/et\/joonejargimine-takistusega\/\" \/>\n<meta property=\"og:locale\" content=\"et_EE\" \/>\n<meta property=\"og:type\" content=\"article\" \/>\n<meta property=\"og:title\" content=\"Takistustega Joonej\u00e4rgimine - Robotex International\" \/>\n<meta property=\"og:description\" content=\"Robotex International is the greatest robotics competition on the Planet that for the first time was held in 2001 at Taltech Assembly Hall. Over the years, competitions have been held in various fields: line following, labyrinth passing, volleyball, rope climbing, room cleaning, football, sea rescue mission, and other tasks\" \/>\n<meta property=\"og:url\" content=\"https:\/\/robotex.international\/et\/joonejargimine-takistusega\/\" \/>\n<meta property=\"og:site_name\" content=\"Robotex International\" \/>\n<meta property=\"article:publisher\" content=\"https:\/\/www.facebook.com\/RobotexInternational\/\" \/>\n<meta property=\"article:modified_time\" content=\"2026-02-16T12:39:05+00:00\" \/>\n<meta name=\"twitter:card\" content=\"summary_large_image\" \/>\n<meta name=\"twitter:label1\" content=\"Est. reading time\" \/>\n\t<meta name=\"twitter:data1\" content=\"2 minutit\" \/>\n<script type=\"application\/ld+json\" class=\"yoast-schema-graph\">{\"@context\":\"https:\\\/\\\/schema.org\",\"@graph\":[{\"@type\":\"WebPage\",\"@id\":\"https:\\\/\\\/robotex.international\\\/et\\\/joonejargimine-takistusega\\\/\",\"url\":\"https:\\\/\\\/robotex.international\\\/et\\\/joonejargimine-takistusega\\\/\",\"name\":\"Takistustega Joonej\u00e4rgimine - Robotex International\",\"isPartOf\":{\"@id\":\"https:\\\/\\\/robotex.international\\\/et\\\/#website\"},\"datePublished\":\"2021-08-30T12:03:12+00:00\",\"dateModified\":\"2026-02-16T12:39:05+00:00\",\"description\":\"Robotex International is the greatest robotics competition on the Planet that for the first time was held in 2001 at Taltech Assembly Hall. Over the years, competitions have been held in various fields: line following, labyrinth passing, volleyball, rope climbing, room cleaning, football, sea rescue mission, and other tasks\",\"breadcrumb\":{\"@id\":\"https:\\\/\\\/robotex.international\\\/et\\\/joonejargimine-takistusega\\\/#breadcrumb\"},\"inLanguage\":\"et\",\"potentialAction\":[{\"@type\":\"ReadAction\",\"target\":[\"https:\\\/\\\/robotex.international\\\/et\\\/joonejargimine-takistusega\\\/\"]}]},{\"@type\":\"BreadcrumbList\",\"@id\":\"https:\\\/\\\/robotex.international\\\/et\\\/joonejargimine-takistusega\\\/#breadcrumb\",\"itemListElement\":[{\"@type\":\"ListItem\",\"position\":1,\"name\":\"Home\",\"item\":\"https:\\\/\\\/robotex.international\\\/\"},{\"@type\":\"ListItem\",\"position\":2,\"name\":\"Takistustega Joonej\u00e4rgimine\"}]},{\"@type\":\"WebSite\",\"@id\":\"https:\\\/\\\/robotex.international\\\/et\\\/#website\",\"url\":\"https:\\\/\\\/robotex.international\\\/et\\\/\",\"name\":\"Robotex International\",\"description\":\"the biggest robotics festival on the planet\",\"publisher\":{\"@id\":\"https:\\\/\\\/robotex.international\\\/et\\\/#organization\"},\"potentialAction\":[{\"@type\":\"SearchAction\",\"target\":{\"@type\":\"EntryPoint\",\"urlTemplate\":\"https:\\\/\\\/robotex.international\\\/et\\\/?s={search_term_string}\"},\"query-input\":{\"@type\":\"PropertyValueSpecification\",\"valueRequired\":true,\"valueName\":\"search_term_string\"}}],\"inLanguage\":\"et\"},{\"@type\":\"Organization\",\"@id\":\"https:\\\/\\\/robotex.international\\\/et\\\/#organization\",\"name\":\"Robotex International\",\"url\":\"https:\\\/\\\/robotex.international\\\/et\\\/\",\"logo\":{\"@type\":\"ImageObject\",\"inLanguage\":\"et\",\"@id\":\"https:\\\/\\\/robotex.international\\\/et\\\/#\\\/schema\\\/logo\\\/image\\\/\",\"url\":\"https:\\\/\\\/robotex.international\\\/wp-content\\\/uploads\\\/2020\\\/04\\\/red.png\",\"contentUrl\":\"https:\\\/\\\/robotex.international\\\/wp-content\\\/uploads\\\/2020\\\/04\\\/red.png\",\"width\":200,\"height\":63,\"caption\":\"Robotex International\"},\"image\":{\"@id\":\"https:\\\/\\\/robotex.international\\\/et\\\/#\\\/schema\\\/logo\\\/image\\\/\"},\"sameAs\":[\"https:\\\/\\\/www.facebook.com\\\/RobotexInternational\\\/\",\"https:\\\/\\\/www.instagram.com\\\/robotex.international\\\/\",\"https:\\\/\\\/www.linkedin.com\\\/company\\\/18668457\"]}]}<\/script>\n<!-- \/ Yoast SEO plugin. -->","yoast_head_json":{"title":"Takistustega Joonej\u00e4rgimine - Robotex International","description":"Robotex International is the greatest robotics competition on the Planet that for the first time was held in 2001 at Taltech Assembly Hall. Over the years, competitions have been held in various fields: line following, labyrinth passing, volleyball, rope climbing, room cleaning, football, sea rescue mission, and other tasks","robots":{"index":"index","follow":"follow","max-snippet":"max-snippet:-1","max-image-preview":"max-image-preview:large","max-video-preview":"max-video-preview:-1"},"canonical":"https:\/\/robotex.international\/et\/joonejargimine-takistusega\/","og_locale":"et_EE","og_type":"article","og_title":"Takistustega Joonej\u00e4rgimine - Robotex International","og_description":"Robotex International is the greatest robotics competition on the Planet that for the first time was held in 2001 at Taltech Assembly Hall. Over the years, competitions have been held in various fields: line following, labyrinth passing, volleyball, rope climbing, room cleaning, football, sea rescue mission, and other tasks","og_url":"https:\/\/robotex.international\/et\/joonejargimine-takistusega\/","og_site_name":"Robotex International","article_publisher":"https:\/\/www.facebook.com\/RobotexInternational\/","article_modified_time":"2026-02-16T12:39:05+00:00","twitter_card":"summary_large_image","twitter_misc":{"Est. reading time":"2 minutit"},"schema":{"@context":"https:\/\/schema.org","@graph":[{"@type":"WebPage","@id":"https:\/\/robotex.international\/et\/joonejargimine-takistusega\/","url":"https:\/\/robotex.international\/et\/joonejargimine-takistusega\/","name":"Takistustega Joonej\u00e4rgimine - Robotex International","isPartOf":{"@id":"https:\/\/robotex.international\/et\/#website"},"datePublished":"2021-08-30T12:03:12+00:00","dateModified":"2026-02-16T12:39:05+00:00","description":"Robotex International is the greatest robotics competition on the Planet that for the first time was held in 2001 at Taltech Assembly Hall. Over the years, competitions have been held in various fields: line following, labyrinth passing, volleyball, rope climbing, room cleaning, football, sea rescue mission, and other tasks","breadcrumb":{"@id":"https:\/\/robotex.international\/et\/joonejargimine-takistusega\/#breadcrumb"},"inLanguage":"et","potentialAction":[{"@type":"ReadAction","target":["https:\/\/robotex.international\/et\/joonejargimine-takistusega\/"]}]},{"@type":"BreadcrumbList","@id":"https:\/\/robotex.international\/et\/joonejargimine-takistusega\/#breadcrumb","itemListElement":[{"@type":"ListItem","position":1,"name":"Home","item":"https:\/\/robotex.international\/"},{"@type":"ListItem","position":2,"name":"Takistustega Joonej\u00e4rgimine"}]},{"@type":"WebSite","@id":"https:\/\/robotex.international\/et\/#website","url":"https:\/\/robotex.international\/et\/","name":"Robotex International","description":"the biggest robotics festival on the planet","publisher":{"@id":"https:\/\/robotex.international\/et\/#organization"},"potentialAction":[{"@type":"SearchAction","target":{"@type":"EntryPoint","urlTemplate":"https:\/\/robotex.international\/et\/?s={search_term_string}"},"query-input":{"@type":"PropertyValueSpecification","valueRequired":true,"valueName":"search_term_string"}}],"inLanguage":"et"},{"@type":"Organization","@id":"https:\/\/robotex.international\/et\/#organization","name":"Robotex International","url":"https:\/\/robotex.international\/et\/","logo":{"@type":"ImageObject","inLanguage":"et","@id":"https:\/\/robotex.international\/et\/#\/schema\/logo\/image\/","url":"https:\/\/robotex.international\/wp-content\/uploads\/2020\/04\/red.png","contentUrl":"https:\/\/robotex.international\/wp-content\/uploads\/2020\/04\/red.png","width":200,"height":63,"caption":"Robotex International"},"image":{"@id":"https:\/\/robotex.international\/et\/#\/schema\/logo\/image\/"},"sameAs":["https:\/\/www.facebook.com\/RobotexInternational\/","https:\/\/www.instagram.com\/robotex.international\/","https:\/\/www.linkedin.com\/company\/18668457"]}]}},"_links":{"self":[{"href":"https:\/\/robotex.international\/et\/wp-json\/wp\/v2\/pages\/1112","targetHints":{"allow":["GET"]}}],"collection":[{"href":"https:\/\/robotex.international\/et\/wp-json\/wp\/v2\/pages"}],"about":[{"href":"https:\/\/robotex.international\/et\/wp-json\/wp\/v2\/types\/page"}],"author":[{"embeddable":true,"href":"https:\/\/robotex.international\/et\/wp-json\/wp\/v2\/users\/1"}],"replies":[{"embeddable":true,"href":"https:\/\/robotex.international\/et\/wp-json\/wp\/v2\/comments?post=1112"}],"version-history":[{"count":26,"href":"https:\/\/robotex.international\/et\/wp-json\/wp\/v2\/pages\/1112\/revisions"}],"predecessor-version":[{"id":6989,"href":"https:\/\/robotex.international\/et\/wp-json\/wp\/v2\/pages\/1112\/revisions\/6989"}],"wp:attachment":[{"href":"https:\/\/robotex.international\/et\/wp-json\/wp\/v2\/media?parent=1112"}],"curies":[{"name":"wp","href":"https:\/\/api.w.org\/{rel}","templated":true}]}}